{"id":759,"date":"2024-05-01T18:00:07","date_gmt":"2024-05-01T16:00:07","guid":{"rendered":"https:\/\/42cbd.com\/?post_type=product&#038;p=759"},"modified":"2024-11-19T06:05:27","modified_gmt":"2024-11-19T05:05:27","slug":"huile-de-chanvre-thc-29-budah-bud","status":"publish","type":"product","link":"https:\/\/42cbd.com\/index.php\/product\/huile-de-chanvre-thc-29-budah-bud\/","title":{"rendered":"Huile de Chanvre THC 2,9% Budah Bud"},"content":{"rendered":"<div class=\"flex flex-grow flex-col max-w-full\">\n<div class=\"min-h-[20px] text-message flex flex-col items-start gap-3 whitespace-pre-wrap break-words [.text-message+&amp;]:mt-5 overflow-x-auto\" dir=\"auto\" data-message-author-role=\"assistant\" data-message-id=\"1b8f4537-7066-41ce-b1d6-3ed68bd48d67\">\n<div class=\"markdown prose w-full break-words dark:prose-invert dark\">\n<p>D\u00e9couvrez <strong>Zen <\/strong>notre <strong>Huile de Chanvre Biologique Suisse &#8220;Indoor&#8221;<\/strong>, comprenant 2,0% de <strong>THC<\/strong> offrant une exp\u00e9rience de bien-\u00eatre exceptionnelle. Le THC, c\u00e9l\u00e8bre pour ses propri\u00e9t\u00e9s relaxantes et euphorisantes, soulageant le stress et favorisant un <strong>sommeil<\/strong> r\u00e9parateur. Plongez dans un oc\u00e9an de tranquillit\u00e9 avec notre Huile de Chanvre Biologique Suisse &#8220;Indoor&#8221; et red\u00e9couvrez le vrai sens du repos et de la <strong>d\u00e9tente<\/strong>.<\/p>\n<\/div>\n<\/div>\n<\/div>\n<div class=\"mt-1 flex gap-3 empty:hidden\">\n<div class=\"text-gray-400 flex self-end lg:self-center items-center justify-center lg:justify-start mt-0 -ml-1 h-7 gap-[2px] visible\"><\/div>\n<\/div>\n<p><a href=\"https:\/\/42cbd.com\/index.php\/cbd-premium\/\">Retour \u00e0 la boutique<\/a><\/p>\n","protected":false},"excerpt":{"rendered":"<p>La fiole de 10 ml<\/p>\n<h2><a href=\"https:\/\/42cbd.com\/index.php\/les-huiles-de-cbd-full-spectrum\/\" target=\"_blank\" rel=\"noopener\">Huile de CBD Full Spectrum<\/a><\/h2>\n<h3>Origine: Suisse<\/h3>\n<p>Composition:<\/p>\n<h4><strong>THC + Chanvre biologique<br \/>\n<\/strong><\/h4>\n<p>THC&lt;0,3%<\/p>\n","protected":false},"featured_media":760,"comment_status":"open","ping_status":"closed","template":"","meta":{"ocean_post_layout":"","ocean_both_sidebars_style":"","ocean_both_sidebars_content_width":0,"ocean_both_sidebars_sidebars_width":0,"ocean_sidebar":"0","ocean_second_sidebar":"0","ocean_disable_margins":"enable","ocean_add_body_class":"","ocean_shortcode_before_top_bar":"","ocean_shortcode_after_top_bar":"","ocean_shortcode_before_header":"","ocean_shortcode_after_header":"","ocean_has_shortcode":"","ocean_shortcode_after_title":"","ocean_shortcode_before_footer_widgets":"","ocean_shortcode_after_footer_widgets":"","ocean_shortcode_before_footer_bottom":"","ocean_shortcode_after_footer_bottom":"","ocean_display_top_bar":"default","ocean_display_header":"default","ocean_header_style":"","ocean_center_header_left_menu":"0","ocean_custom_header_template":"0","ocean_custom_logo":0,"ocean_custom_retina_logo":0,"ocean_custom_logo_max_width":0,"ocean_custom_logo_tablet_max_width":0,"ocean_custom_logo_mobile_max_width":0,"ocean_custom_logo_max_height":0,"ocean_custom_logo_tablet_max_height":0,"ocean_custom_logo_mobile_max_height":0,"ocean_header_custom_menu":"0","ocean_menu_typo_font_family":"0","ocean_menu_typo_font_subset":"","ocean_menu_typo_font_size":0,"ocean_menu_typo_font_size_tablet":0,"ocean_menu_typo_font_size_mobile":0,"ocean_menu_typo_font_size_unit":"px","ocean_menu_typo_font_weight":"","ocean_menu_typo_font_weight_tablet":"","ocean_menu_typo_font_weight_mobile":"","ocean_menu_typo_transform":"","ocean_menu_typo_transform_tablet":"","ocean_menu_typo_transform_mobile":"","ocean_menu_typo_line_height":0,"ocean_menu_typo_line_height_tablet":0,"ocean_menu_typo_line_height_mobile":0,"ocean_menu_typo_line_height_unit":"","ocean_menu_typo_spacing":0,"ocean_menu_typo_spacing_tablet":0,"ocean_menu_typo_spacing_mobile":0,"ocean_menu_typo_spacing_unit":"","ocean_menu_link_color":"","ocean_menu_link_color_hover":"","ocean_menu_link_color_active":"","ocean_menu_link_background":"","ocean_menu_link_hover_background":"","ocean_menu_link_active_background":"","ocean_menu_social_links_bg":"","ocean_menu_social_hover_links_bg":"","ocean_menu_social_links_color":"","ocean_menu_social_hover_links_color":"","ocean_disable_title":"default","ocean_disable_heading":"default","ocean_post_title":"","ocean_post_subheading":"","ocean_post_title_style":"","ocean_post_title_background_color":"","ocean_post_title_background":0,"ocean_post_title_bg_image_position":"","ocean_post_title_bg_image_attachment":"","ocean_post_title_bg_image_repeat":"","ocean_post_title_bg_image_size":"","ocean_post_title_height":0,"ocean_post_title_bg_overlay":0.5,"ocean_post_title_bg_overlay_color":"","ocean_disable_breadcrumbs":"default","ocean_breadcrumbs_color":"","ocean_breadcrumbs_separator_color":"","ocean_breadcrumbs_links_color":"","ocean_breadcrumbs_links_hover_color":"","ocean_display_footer_widgets":"default","ocean_display_footer_bottom":"default","ocean_custom_footer_template":"0"},"product_cat":[28,35],"product_tag":[],"aioseo_notices":[],"jetpack_sharing_enabled":true,"_links":{"self":[{"href":"https:\/\/42cbd.com\/index.php\/wp-json\/wp\/v2\/product\/759"}],"collection":[{"href":"https:\/\/42cbd.com\/index.php\/wp-json\/wp\/v2\/product"}],"about":[{"href":"https:\/\/42cbd.com\/index.php\/wp-json\/wp\/v2\/types\/product"}],"replies":[{"embeddable":true,"href":"https:\/\/42cbd.com\/index.php\/wp-json\/wp\/v2\/comments?post=759"}],"wp:featuredmedia":[{"embeddable":true,"href":"https:\/\/42cbd.com\/index.php\/wp-json\/wp\/v2\/media\/760"}],"wp:attachment":[{"href":"https:\/\/42cbd.com\/index.php\/wp-json\/wp\/v2\/media?parent=759"}],"wp:term":[{"taxonomy":"product_cat","embeddable":true,"href":"https:\/\/42cbd.com\/index.php\/wp-json\/wp\/v2\/product_cat?post=759"},{"taxonomy":"product_tag","embeddable":true,"href":"https:\/\/42cbd.com\/index.php\/wp-json\/wp\/v2\/product_tag?post=759"}],"curies":[{"name":"wp","href":"https:\/\/api.w.org\/{rel}","templated":true}]}}