{"id":689,"date":"2024-04-30T01:05:40","date_gmt":"2024-04-29T23:05:40","guid":{"rendered":"https:\/\/42cbd.com\/?post_type=product&#038;p=689"},"modified":"2024-04-30T20:29:25","modified_gmt":"2024-04-30T18:29:25","slug":"huile-de-chanvre-biologique-helyxia-5-cbd","status":"publish","type":"product","link":"https:\/\/42cbd.com\/index.php\/product\/huile-de-chanvre-biologique-helyxia-5-cbd\/","title":{"rendered":"Huile de Chanvre Biologique Helyxia 5% CBD"},"content":{"rendered":"<p>huile de CBD issue de culture biologique de chanvre, comprenant une combinaison des <strong>cannabino\u00efdes<\/strong> et des <strong>terp\u00e8nes<\/strong>.<\/p>\n<p><strong>Asclepios : La S\u00e9r\u00e9nit\u00e9 Naturelle<\/strong><\/p>\n<p>Enfin, Asclepios, la troisi\u00e8me <strong>huile<\/strong> de la gamme Helyxia, incarne la puret\u00e9 et la simplicit\u00e9 avec sa concentration de 5 % de <strong>CBD<\/strong>. Con\u00e7ue pour offrir une exp\u00e9rience de <strong>bien-\u00eatre apaisante<\/strong> et holistique, Asclepios est parfaite pour ceux qui recherchent la tranquillit\u00e9 d&#8217;esprit et la d\u00e9tente physique. Le <strong>CBD<\/strong> agit en harmonie avec le corps, r\u00e9duisant le stress, favorisant un <strong>sommeil<\/strong> r\u00e9parateur et soulageant les tensions musculaires. Avec Asclepios, Helyxia offre un v\u00e9ritable baume pour l&#8217;\u00e2me, permettant \u00e0 chacun de retrouver son \u00e9quilibre naturel et sa s\u00e9r\u00e9nit\u00e9 int\u00e9rieure.<\/p>\n","protected":false},"excerpt":{"rendered":"<p>La fiole de 10 ml<\/p>\n<h2><a href=\"https:\/\/42cbd.com\/index.php\/les-huiles-de-cbd-full-spectrum\/\" target=\"_blank\" rel=\"noopener\">Huile de CBD Full Spectrum<\/a><\/h2>\n<h3>Origine: Suisse<\/h3>\n<p>THC&lt;0,3%<\/p>\n","protected":false},"featured_media":692,"comment_status":"open","ping_status":"closed","template":"","meta":{"ocean_post_layout":"","ocean_both_sidebars_style":"","ocean_both_sidebars_content_width":0,"ocean_both_sidebars_sidebars_width":0,"ocean_sidebar":"0","ocean_second_sidebar":"0","ocean_disable_margins":"enable","ocean_add_body_class":"","ocean_shortcode_before_top_bar":"","ocean_shortcode_after_top_bar":"","ocean_shortcode_before_header":"","ocean_shortcode_after_header":"","ocean_has_shortcode":"","ocean_shortcode_after_title":"","ocean_shortcode_before_footer_widgets":"","ocean_shortcode_after_footer_widgets":"","ocean_shortcode_before_footer_bottom":"","ocean_shortcode_after_footer_bottom":"","ocean_display_top_bar":"default","ocean_display_header":"default","ocean_header_style":"","ocean_center_header_left_menu":"0","ocean_custom_header_template":"0","ocean_custom_logo":0,"ocean_custom_retina_logo":0,"ocean_custom_logo_max_width":0,"ocean_custom_logo_tablet_max_width":0,"ocean_custom_logo_mobile_max_width":0,"ocean_custom_logo_max_height":0,"ocean_custom_logo_tablet_max_height":0,"ocean_custom_logo_mobile_max_height":0,"ocean_header_custom_menu":"0","ocean_menu_typo_font_family":"0","ocean_menu_typo_font_subset":"","ocean_menu_typo_font_size":0,"ocean_menu_typo_font_size_tablet":0,"ocean_menu_typo_font_size_mobile":0,"ocean_menu_typo_font_size_unit":"px","ocean_menu_typo_font_weight":"","ocean_menu_typo_font_weight_tablet":"","ocean_menu_typo_font_weight_mobile":"","ocean_menu_typo_transform":"","ocean_menu_typo_transform_tablet":"","ocean_menu_typo_transform_mobile":"","ocean_menu_typo_line_height":0,"ocean_menu_typo_line_height_tablet":0,"ocean_menu_typo_line_height_mobile":0,"ocean_menu_typo_line_height_unit":"","ocean_menu_typo_spacing":0,"ocean_menu_typo_spacing_tablet":0,"ocean_menu_typo_spacing_mobile":0,"ocean_menu_typo_spacing_unit":"","ocean_menu_link_color":"","ocean_menu_link_color_hover":"","ocean_menu_link_color_active":"","ocean_menu_link_background":"","ocean_menu_link_hover_background":"","ocean_menu_link_active_background":"","ocean_menu_social_links_bg":"","ocean_menu_social_hover_links_bg":"","ocean_menu_social_links_color":"","ocean_menu_social_hover_links_color":"","ocean_disable_title":"default","ocean_disable_heading":"default","ocean_post_title":"","ocean_post_subheading":"","ocean_post_title_style":"","ocean_post_title_background_color":"","ocean_post_title_background":0,"ocean_post_title_bg_image_position":"","ocean_post_title_bg_image_attachment":"","ocean_post_title_bg_image_repeat":"","ocean_post_title_bg_image_size":"","ocean_post_title_height":0,"ocean_post_title_bg_overlay":0.5,"ocean_post_title_bg_overlay_color":"","ocean_disable_breadcrumbs":"default","ocean_breadcrumbs_color":"","ocean_breadcrumbs_separator_color":"","ocean_breadcrumbs_links_color":"","ocean_breadcrumbs_links_hover_color":"","ocean_display_footer_widgets":"default","ocean_display_footer_bottom":"default","ocean_custom_footer_template":"0"},"product_cat":[35],"product_tag":[],"aioseo_notices":[],"jetpack_sharing_enabled":true,"_links":{"self":[{"href":"https:\/\/42cbd.com\/index.php\/wp-json\/wp\/v2\/product\/689"}],"collection":[{"href":"https:\/\/42cbd.com\/index.php\/wp-json\/wp\/v2\/product"}],"about":[{"href":"https:\/\/42cbd.com\/index.php\/wp-json\/wp\/v2\/types\/product"}],"replies":[{"embeddable":true,"href":"https:\/\/42cbd.com\/index.php\/wp-json\/wp\/v2\/comments?post=689"}],"wp:featuredmedia":[{"embeddable":true,"href":"https:\/\/42cbd.com\/index.php\/wp-json\/wp\/v2\/media\/692"}],"wp:attachment":[{"href":"https:\/\/42cbd.com\/index.php\/wp-json\/wp\/v2\/media?parent=689"}],"wp:term":[{"taxonomy":"product_cat","embeddable":true,"href":"https:\/\/42cbd.com\/index.php\/wp-json\/wp\/v2\/product_cat?post=689"},{"taxonomy":"product_tag","embeddable":true,"href":"https:\/\/42cbd.com\/index.php\/wp-json\/wp\/v2\/product_tag?post=689"}],"curies":[{"name":"wp","href":"https:\/\/api.w.org\/{rel}","templated":true}]}}