{"id":151,"date":"2024-01-18T19:11:19","date_gmt":"2024-01-18T18:11:19","guid":{"rendered":"https:\/\/42cbd.com\/?post_type=product&#038;p=151"},"modified":"2024-04-25T17:24:27","modified_gmt":"2024-04-25T15:24:27","slug":"fleur-de-cbd-strawberry-boost","status":"publish","type":"product","link":"https:\/\/42cbd.com\/index.php\/product\/fleur-de-cbd-strawberry-boost\/","title":{"rendered":"Fleur de CBD Strawberry Boost High Budi"},"content":{"rendered":"<h4>Fleur de CBD de qualit\u00e9 sup\u00e9rieure<\/h4>\n<p>La vari\u00e9t\u00e9 de <strong><a title=\"Fleurs de CBD High Budi\" href=\"https:\/\/42cbd.com\/index.php\/fleurs-de-cbd-high-budi\/\" target=\"_blank\" rel=\"noopener\">fleur de CBD<\/a> Strawberry Indoor<\/strong> est caract\u00e9ris\u00e9e par ses ar\u00f4mes fruit\u00e9s qui rappellent les baies et offrent des notes de fraise distinctes. Cette fleur vous invite \u00e0 une exp\u00e9rience stimulante et de plaisir gustatif.<\/p>\n<p>La <strong>Strawberry<\/strong> est principalement compos\u00e9e de <strong>Sativa<\/strong>, une cat\u00e9gorie de plantes qui tend \u00e0 induire un effet \u00e9nergique et stimulant sur l&#8217;esprit. Cette particularit\u00e9 peut vous procurer une sensation de vivacit\u00e9 mentale, favorisant ainsi une activit\u00e9 c\u00e9r\u00e9brale accrue.<\/p>\n","protected":false},"excerpt":{"rendered":"<h2>Production indoor en Suisse<\/h2>\n<p>THCP HHCP HHCPO&lt;0,3% THC<\/p>\n<h3><a href=\"https:\/\/42cbd.com\/index.php\/le-cbd-high-budi\/\" target=\"_blank\" rel=\"noopener\">Fleur de CBD Hight Budi<\/a><\/h3>\n<h3>Qualit\u00e9 Premium<\/h3>\n<p>&nbsp;<\/p>\n","protected":false},"featured_media":152,"comment_status":"open","ping_status":"closed","template":"","meta":{"ocean_post_layout":"","ocean_both_sidebars_style":"","ocean_both_sidebars_content_width":0,"ocean_both_sidebars_sidebars_width":0,"ocean_sidebar":"","ocean_second_sidebar":"","ocean_disable_margins":"enable","ocean_add_body_class":"","ocean_shortcode_before_top_bar":"","ocean_shortcode_after_top_bar":"","ocean_shortcode_before_header":"","ocean_shortcode_after_header":"","ocean_has_shortcode":"","ocean_shortcode_after_title":"","ocean_shortcode_before_footer_widgets":"","ocean_shortcode_after_footer_widgets":"","ocean_shortcode_before_footer_bottom":"","ocean_shortcode_after_footer_bottom":"","ocean_display_top_bar":"default","ocean_display_header":"default","ocean_header_style":"","ocean_center_header_left_menu":"","ocean_custom_header_template":"","ocean_custom_logo":0,"ocean_custom_retina_logo":0,"ocean_custom_logo_max_width":0,"ocean_custom_logo_tablet_max_width":0,"ocean_custom_logo_mobile_max_width":0,"ocean_custom_logo_max_height":0,"ocean_custom_logo_tablet_max_height":0,"ocean_custom_logo_mobile_max_height":0,"ocean_header_custom_menu":"","ocean_menu_typo_font_family":"","ocean_menu_typo_font_subset":"","ocean_menu_typo_font_size":0,"ocean_menu_typo_font_size_tablet":0,"ocean_menu_typo_font_size_mobile":0,"ocean_menu_typo_font_size_unit":"px","ocean_menu_typo_font_weight":"","ocean_menu_typo_font_weight_tablet":"","ocean_menu_typo_font_weight_mobile":"","ocean_menu_typo_transform":"","ocean_menu_typo_transform_tablet":"","ocean_menu_typo_transform_mobile":"","ocean_menu_typo_line_height":0,"ocean_menu_typo_line_height_tablet":0,"ocean_menu_typo_line_height_mobile":0,"ocean_menu_typo_line_height_unit":"","ocean_menu_typo_spacing":0,"ocean_menu_typo_spacing_tablet":0,"ocean_menu_typo_spacing_mobile":0,"ocean_menu_typo_spacing_unit":"","ocean_menu_link_color":"","ocean_menu_link_color_hover":"","ocean_menu_link_color_active":"","ocean_menu_link_background":"","ocean_menu_link_hover_background":"","ocean_menu_link_active_background":"","ocean_menu_social_links_bg":"","ocean_menu_social_hover_links_bg":"","ocean_menu_social_links_color":"","ocean_menu_social_hover_links_color":"","ocean_disable_title":"default","ocean_disable_heading":"default","ocean_post_title":"","ocean_post_subheading":"","ocean_post_title_style":"","ocean_post_title_background_color":"","ocean_post_title_background":0,"ocean_post_title_bg_image_position":"","ocean_post_title_bg_image_attachment":"","ocean_post_title_bg_image_repeat":"","ocean_post_title_bg_image_size":"","ocean_post_title_height":0,"ocean_post_title_bg_overlay":0.5,"ocean_post_title_bg_overlay_color":"","ocean_disable_breadcrumbs":"default","ocean_breadcrumbs_color":"","ocean_breadcrumbs_separator_color":"","ocean_breadcrumbs_links_color":"","ocean_breadcrumbs_links_hover_color":"","ocean_display_footer_widgets":"default","ocean_display_footer_bottom":"default","ocean_custom_footer_template":""},"product_cat":[18,17,25],"product_tag":[],"aioseo_notices":[],"jetpack_sharing_enabled":true,"_links":{"self":[{"href":"https:\/\/42cbd.com\/index.php\/wp-json\/wp\/v2\/product\/151"}],"collection":[{"href":"https:\/\/42cbd.com\/index.php\/wp-json\/wp\/v2\/product"}],"about":[{"href":"https:\/\/42cbd.com\/index.php\/wp-json\/wp\/v2\/types\/product"}],"replies":[{"embeddable":true,"href":"https:\/\/42cbd.com\/index.php\/wp-json\/wp\/v2\/comments?post=151"}],"wp:featuredmedia":[{"embeddable":true,"href":"https:\/\/42cbd.com\/index.php\/wp-json\/wp\/v2\/media\/152"}],"wp:attachment":[{"href":"https:\/\/42cbd.com\/index.php\/wp-json\/wp\/v2\/media?parent=151"}],"wp:term":[{"taxonomy":"product_cat","embeddable":true,"href":"https:\/\/42cbd.com\/index.php\/wp-json\/wp\/v2\/product_cat?post=151"},{"taxonomy":"product_tag","embeddable":true,"href":"https:\/\/42cbd.com\/index.php\/wp-json\/wp\/v2\/product_tag?post=151"}],"curies":[{"name":"wp","href":"https:\/\/api.w.org\/{rel}","templated":true}]}}