{"id":909,"date":"2024-09-18T14:56:20","date_gmt":"2024-09-18T12:56:20","guid":{"rendered":"https:\/\/42cbd.com\/?page_id=909"},"modified":"2024-10-02T19:19:40","modified_gmt":"2024-10-02T17:19:40","slug":"livraison-de-cbd-a-domicile-dans-le-pays-de-gex","status":"publish","type":"page","link":"https:\/\/42cbd.com\/index.php\/livraison-de-cbd-a-domicile-dans-le-pays-de-gex\/","title":{"rendered":"CBD Shop en ligne &#8211; livraison Pays de Gex"},"content":{"rendered":"\n<h2 class=\"wp-block-heading has-text-align-center\">Notre CBD Shop vous livre \u00e0 domicile de la fleur, de la r\u00e9sine, de l&#8217;huile et d&#8217;autres produits \u00e0 base de CBD<\/h2>\n\n\n\n<h3 class=\"wp-block-heading\">Nous livrons du CBD dans les communes de Gex, Ferney-Voltaire, Saint-Genis-Pouilly, Cessy, Pr\u00e9vessin-Mo\u00ebns&#8230;<\/h3>\n\n\n\n<p class=\"has-text-align-center\" style=\"font-size:16px\">Possibilit\u00e9 de se faire livrer en &#8220;express&#8221; (entre 30 minutes et deux heures) ou en Colissimo (sous 48h).<\/p>\n\n\n\n<div class=\"wp-block-columns is-layout-flex wp-container-core-columns-layout-1 wp-block-columns-is-layout-flex\">\n<div class=\"wp-block-column is-layout-flow wp-block-column-is-layout-flow\"><div class=\"wp-block-image\">\n<figure class=\"aligncenter size-full is-resized\"><a href=\"https:\/\/42cbd.com\/index.php\/fleurs-de-cbd-qualite-premium\/\"><img loading=\"lazy\" decoding=\"async\" width=\"700\" height=\"700\" src=\"https:\/\/42cbd.com\/wp-content\/uploads\/2023\/10\/livraison-fleur-cbd.png\" alt=\"\" class=\"wp-image-56\" style=\"width:160px\" srcset=\"https:\/\/42cbd.com\/wp-content\/uploads\/2023\/10\/livraison-fleur-cbd.png 700w, https:\/\/42cbd.com\/wp-content\/uploads\/2023\/10\/livraison-fleur-cbd-300x300.png 300w, https:\/\/42cbd.com\/wp-content\/uploads\/2023\/10\/livraison-fleur-cbd-150x150.png 150w, https:\/\/42cbd.com\/wp-content\/uploads\/2023\/10\/livraison-fleur-cbd-600x600.png 600w, https:\/\/42cbd.com\/wp-content\/uploads\/2023\/10\/livraison-fleur-cbd-100x100.png 100w\" sizes=\"(max-width: 700px) 100vw, 700px\" \/><\/a><\/figure><\/div>\n\n\n<h3 class=\"wp-block-heading has-text-align-center has-black-color has-text-color\"><a href=\"https:\/\/42cbd.com\/index.php\/fleurs-de-cbd-qualite-premium\/\" title=\"\">Fleurs de CBD<\/a><\/h3>\n\n\n\n<p class=\"has-text-align-center\">Choisissez parmi plusieurs vari\u00e9t\u00e9s de fleurs de CBD de qualit\u00e9 sup\u00e9rieur en pochon ou en <strong>pr\u00e9-roul\u00e9<\/strong>:<strong> Amnesia Haze, Jack Herer, Strawberry, Skittles<\/strong>&#8230;.<\/p>\n<\/div>\n\n\n\n<div class=\"wp-block-column is-layout-flow wp-block-column-is-layout-flow\"><div class=\"wp-block-image\">\n<figure class=\"aligncenter size-full is-resized\"><a href=\"https:\/\/42cbd.com\/index.php\/resines-de-cbd-de-qualite-premium\/\"><img loading=\"lazy\" decoding=\"async\" width=\"700\" height=\"700\" src=\"https:\/\/42cbd.com\/wp-content\/uploads\/2023\/10\/livraison-resine-cbd.png\" alt=\"\" class=\"wp-image-57\" style=\"width:160px\" srcset=\"https:\/\/42cbd.com\/wp-content\/uploads\/2023\/10\/livraison-resine-cbd.png 700w, https:\/\/42cbd.com\/wp-content\/uploads\/2023\/10\/livraison-resine-cbd-300x300.png 300w, https:\/\/42cbd.com\/wp-content\/uploads\/2023\/10\/livraison-resine-cbd-150x150.png 150w, https:\/\/42cbd.com\/wp-content\/uploads\/2023\/10\/livraison-resine-cbd-600x600.png 600w, https:\/\/42cbd.com\/wp-content\/uploads\/2023\/10\/livraison-resine-cbd-100x100.png 100w\" sizes=\"(max-width: 700px) 100vw, 700px\" \/><\/a><\/figure><\/div>\n\n\n<h3 class=\"wp-block-heading has-text-align-center\"><a href=\"https:\/\/42cbd.com\/index.php\/resines-de-cbd-de-qualite-premium\/\" title=\"\">R\u00e9sine de CBD<\/a><\/h3>\n\n\n\n<p class=\"has-text-align-center\">R\u00e9sines de CBD Suisse de qualit\u00e9 \u00e0 d\u00e9couvrir tel que le <strong>Charas<\/strong> , le <strong>3x filtr\u00e9<\/strong>, le <strong>Supr\u00eame<\/strong>, le <strong>Safra<\/strong>, le <strong>libanais<\/strong> et le <strong>Jaune mousseux<\/strong>.<\/p>\n<\/div>\n\n\n\n<div class=\"wp-block-column is-layout-flow wp-block-column-is-layout-flow\"><div class=\"wp-block-image\">\n<figure class=\"aligncenter size-full is-resized\"><a href=\"https:\/\/42cbd.com\/index.php\/huiles-de-chanvre-cbd\/\"><img loading=\"lazy\" decoding=\"async\" width=\"700\" height=\"700\" src=\"https:\/\/42cbd.com\/wp-content\/uploads\/2023\/10\/livraison-huile-de-cbd.png\" alt=\"\" class=\"wp-image-58\" style=\"width:160px\" srcset=\"https:\/\/42cbd.com\/wp-content\/uploads\/2023\/10\/livraison-huile-de-cbd.png 700w, https:\/\/42cbd.com\/wp-content\/uploads\/2023\/10\/livraison-huile-de-cbd-300x300.png 300w, https:\/\/42cbd.com\/wp-content\/uploads\/2023\/10\/livraison-huile-de-cbd-150x150.png 150w, https:\/\/42cbd.com\/wp-content\/uploads\/2023\/10\/livraison-huile-de-cbd-600x600.png 600w, https:\/\/42cbd.com\/wp-content\/uploads\/2023\/10\/livraison-huile-de-cbd-100x100.png 100w\" sizes=\"(max-width: 700px) 100vw, 700px\" \/><\/a><\/figure><\/div>\n\n\n<h3 class=\"wp-block-heading has-text-align-center\"><strong><a href=\"https:\/\/42cbd.com\/index.php\/huiles-de-chanvre-cbd\/\" title=\"\">Huiles de CBD<\/a><\/strong><\/h3>\n\n\n\n<p class=\"has-text-align-center\">Profitez des bienfaits apaisant de nos <strong>huiles de CBD<\/strong> con\u00e7ues \u00e0 partir de chanvre issu de l&#8217;agriculture <strong>biologique<\/strong>.<\/p>\n<\/div>\n<\/div>\n\n\n\n<h3 class=\"wp-block-heading has-text-align-center\">Livraison de CBD \u00e0 domicile dans le pays de Gex<\/h3>\n\n\n\n<h3 class=\"wp-block-heading has-text-align-center\">Livraison de CBD \u00e0 Saint-Genis-Pouilly<\/h3>\n\n\n\n<h3 class=\"wp-block-heading has-text-align-center\">Livraison de CBD \u00e0 <strong>Ferney-Voltaire<\/strong><\/h3>\n\n\n\n<h3 class=\"wp-block-heading has-text-align-center\">Livraison de CBD \u00e0 Divonne-les-Bains<\/h3>\n\n\n\n<h4 class=\"wp-block-heading has-text-align-center\">Livraison de CBD \u00e0 Pr\u00e9vessin-Mo\u00ebns<\/h4>\n\n\n\n<h4 class=\"wp-block-heading has-text-align-center\">Livraison de CBD \u00e0 Thoiry<\/h4>\n","protected":false},"excerpt":{"rendered":"<p>Notre CBD Shop vous livre \u00e0 domicile de la fleur, de la r\u00e9sine, de l&#8217;huile et d&#8217;autres produits \u00e0 base de CBD Nous livrons du CBD dans les communes de Gex, Ferney-Voltaire, Saint-Genis-Pouilly, Cessy, Pr\u00e9vessin-Mo\u00ebns&#8230; Possibilit\u00e9 de se faire livrer en &#8220;express&#8221; (entre 30 minutes et deux heures) ou en Colissimo (sous 48h). Fleurs de [&hellip;]<\/p>\n","protected":false},"author":1,"featured_media":0,"parent":0,"menu_order":0,"comment_status":"closed","ping_status":"closed","template":"","meta":{"ocean_post_layout":"","ocean_both_sidebars_style":"","ocean_both_sidebars_content_width":0,"ocean_both_sidebars_sidebars_width":0,"ocean_sidebar":"","ocean_second_sidebar":"","ocean_disable_margins":"enable","ocean_add_body_class":"","ocean_shortcode_before_top_bar":"","ocean_shortcode_after_top_bar":"","ocean_shortcode_before_header":"","ocean_shortcode_after_header":"","ocean_has_shortcode":"","ocean_shortcode_after_title":"","ocean_shortcode_before_footer_widgets":"","ocean_shortcode_after_footer_widgets":"","ocean_shortcode_before_footer_bottom":"","ocean_shortcode_after_footer_bottom":"","ocean_display_top_bar":"default","ocean_display_header":"default","ocean_header_style":"","ocean_center_header_left_menu":"","ocean_custom_header_template":"","ocean_custom_logo":0,"ocean_custom_retina_logo":0,"ocean_custom_logo_max_width":0,"ocean_custom_logo_tablet_max_width":0,"ocean_custom_logo_mobile_max_width":0,"ocean_custom_logo_max_height":0,"ocean_custom_logo_tablet_max_height":0,"ocean_custom_logo_mobile_max_height":0,"ocean_header_custom_menu":"","ocean_menu_typo_font_family":"","ocean_menu_typo_font_subset":"","ocean_menu_typo_font_size":0,"ocean_menu_typo_font_size_tablet":0,"ocean_menu_typo_font_size_mobile":0,"ocean_menu_typo_font_size_unit":"px","ocean_menu_typo_font_weight":"","ocean_menu_typo_font_weight_tablet":"","ocean_menu_typo_font_weight_mobile":"","ocean_menu_typo_transform":"","ocean_menu_typo_transform_tablet":"","ocean_menu_typo_transform_mobile":"","ocean_menu_typo_line_height":0,"ocean_menu_typo_line_height_tablet":0,"ocean_menu_typo_line_height_mobile":0,"ocean_menu_typo_line_height_unit":"","ocean_menu_typo_spacing":0,"ocean_menu_typo_spacing_tablet":0,"ocean_menu_typo_spacing_mobile":0,"ocean_menu_typo_spacing_unit":"","ocean_menu_link_color":"","ocean_menu_link_color_hover":"","ocean_menu_link_color_active":"","ocean_menu_link_background":"","ocean_menu_link_hover_background":"","ocean_menu_link_active_background":"","ocean_menu_social_links_bg":"","ocean_menu_social_hover_links_bg":"","ocean_menu_social_links_color":"","ocean_menu_social_hover_links_color":"","ocean_disable_title":"default","ocean_disable_heading":"default","ocean_post_title":"","ocean_post_subheading":"","ocean_post_title_style":"","ocean_post_title_background_color":"","ocean_post_title_background":0,"ocean_post_title_bg_image_position":"","ocean_post_title_bg_image_attachment":"","ocean_post_title_bg_image_repeat":"","ocean_post_title_bg_image_size":"","ocean_post_title_height":0,"ocean_post_title_bg_overlay":0.5,"ocean_post_title_bg_overlay_color":"","ocean_disable_breadcrumbs":"default","ocean_breadcrumbs_color":"","ocean_breadcrumbs_separator_color":"","ocean_breadcrumbs_links_color":"","ocean_breadcrumbs_links_hover_color":"","ocean_display_footer_widgets":"default","ocean_display_footer_bottom":"default","ocean_custom_footer_template":"","footnotes":""},"aioseo_notices":[],"jetpack_sharing_enabled":true,"_links":{"self":[{"href":"https:\/\/42cbd.com\/index.php\/wp-json\/wp\/v2\/pages\/909"}],"collection":[{"href":"https:\/\/42cbd.com\/index.php\/wp-json\/wp\/v2\/pages"}],"about":[{"href":"https:\/\/42cbd.com\/index.php\/wp-json\/wp\/v2\/types\/page"}],"author":[{"embeddable":true,"href":"https:\/\/42cbd.com\/index.php\/wp-json\/wp\/v2\/users\/1"}],"replies":[{"embeddable":true,"href":"https:\/\/42cbd.com\/index.php\/wp-json\/wp\/v2\/comments?post=909"}],"version-history":[{"count":7,"href":"https:\/\/42cbd.com\/index.php\/wp-json\/wp\/v2\/pages\/909\/revisions"}],"predecessor-version":[{"id":922,"href":"https:\/\/42cbd.com\/index.php\/wp-json\/wp\/v2\/pages\/909\/revisions\/922"}],"wp:attachment":[{"href":"https:\/\/42cbd.com\/index.php\/wp-json\/wp\/v2\/media?parent=909"}],"curies":[{"name":"wp","href":"https:\/\/api.w.org\/{rel}","templated":true}]}}