{"id":876,"date":"2024-06-01T15:53:58","date_gmt":"2024-06-01T13:53:58","guid":{"rendered":"https:\/\/42cbd.com\/?page_id=876"},"modified":"2024-06-01T16:08:12","modified_gmt":"2024-06-01T14:08:12","slug":"tout-ce-que-vous-devez-savoir-sur-le-cbg-cannabigerol","status":"publish","type":"page","link":"https:\/\/42cbd.com\/index.php\/tout-ce-que-vous-devez-savoir-sur-le-cbg-cannabigerol\/","title":{"rendered":"Tout ce que vous devez savoir sur le CBG (cannabig\u00e9rol)"},"content":{"rendered":"\n<p>Le <strong>CBG<\/strong>, ou cannabig\u00e9rol, est un <strong>cannabino\u00efde <\/strong>moins connu mais tout aussi prometteur que ses c\u00e9l\u00e8bres cousins, le <strong>CBD <\/strong>(cannabidiol) et le THC (t\u00e9trahydrocannabinol). Souvent consid\u00e9r\u00e9 comme la &#8220;cellule souche&#8221; des cannabino\u00efdes, le CBG est le pr\u00e9curseur de nombreux autres cannabino\u00efdes.<\/p>\n\n\n\n<h2 class=\"wp-block-heading\">Les Avantages du CBG pour la Sant\u00e9<\/h2>\n\n\n\n<h3 class=\"wp-block-heading\">Propri\u00e9t\u00e9s Anti-Inflammatoires<\/h3>\n\n\n\n<p>Des \u00e9tudes pr\u00e9liminaires sugg\u00e8rent que le <strong>CBG <\/strong>poss\u00e8de des propri\u00e9t\u00e9s anti-inflammatoires puissantes. Cela pourrait en faire un traitement potentiel pour des conditions inflammatoires chroniques telles que la maladie de Crohn et la colite ulc\u00e9reuse.<\/p>\n\n\n\n<h3 class=\"wp-block-heading\">Propri\u00e9t\u00e9s Antibact\u00e9riennes<\/h3>\n\n\n\n<p>Le <strong>CBG <\/strong>a montr\u00e9 une activit\u00e9 antibact\u00e9rienne contre divers agents pathog\u00e8nes, y compris les souches r\u00e9sistantes aux antibiotiques comme le Staphylococcus aureus r\u00e9sistant \u00e0 la m\u00e9thicilline (SARM). Cela ouvre la porte \u00e0 de nouvelles possibilit\u00e9s dans la lutte contre les infections bact\u00e9riennes r\u00e9sistantes.<\/p>\n\n\n\n<h3 class=\"wp-block-heading\">Effets Neuroprotecteurs<\/h3>\n\n\n\n<p>Le <strong>CBG <\/strong>pourrait avoir des effets neuroprotecteurs, ce qui signifie qu&#8217;il pourrait aider \u00e0 prot\u00e9ger les cellules nerveuses contre les dommages. Des recherches en cours examinent son potentiel pour traiter des maladies neurod\u00e9g\u00e9n\u00e9ratives comme la maladie de Huntington et la scl\u00e9rose en plaques.<\/p>\n\n\n\n<h3 class=\"wp-block-heading\">Traitement du Glaucome<\/h3>\n\n\n\n<p>Le CBG pourrait \u00e9galement \u00eatre b\u00e9n\u00e9fique dans le traitement du glaucome. Des \u00e9tudes ont montr\u00e9 qu&#8217;il aide \u00e0 r\u00e9duire la pression intraoculaire, un facteur cl\u00e9 dans cette maladie oculaire.<\/p>\n\n\n\n<h3 class=\"wp-block-heading\">Stimulation de l&#8217;App\u00e9tit<\/h3>\n\n\n\n<p>Contrairement au CBD, le <strong>CBG <\/strong>peut stimuler l&#8217;app\u00e9tit, ce qui pourrait \u00eatre utile pour les patients souffrant de cachexie ou de perte d&#8217;app\u00e9tit due \u00e0 des conditions m\u00e9dicales ou des traitements comme la chimioth\u00e9rapie.<\/p>\n\n\n\n<div style=\"height:30px\" aria-hidden=\"true\" class=\"wp-block-spacer\"><\/div>\n\n\n\n<p style=\"font-size:18px\">Le <strong>CBG <\/strong>peut se consommer sous diff\u00e9rente forme, l&#8217;infusion et l&#8217;huile sont deux produits sollicit\u00e9s  par les consommateurs de <strong>CBG<\/strong><\/p>\n\n\n\n<div style=\"height:42px\" aria-hidden=\"true\" class=\"wp-block-spacer\"><\/div>\n\n\n\n<div class=\"wp-block-columns is-layout-flex wp-container-core-columns-layout-1 wp-block-columns-is-layout-flex\">\n<div class=\"wp-block-column is-layout-flow wp-block-column-is-layout-flow\"><div class=\"wp-block-image\">\n<figure class=\"aligncenter size-full is-resized\"><a href=\"https:\/\/42cbd.com\/index.php\/product\/fleur-cbg-lavender-kush-budah-bud\/\"><img loading=\"lazy\" decoding=\"async\" width=\"650\" height=\"650\" src=\"http:\/\/42cbd.com\/wp-content\/uploads\/2024\/05\/cbg-fleur-infusion-premium.jpg\" alt=\"\" class=\"wp-image-874\" style=\"width:320px\" srcset=\"https:\/\/42cbd.com\/wp-content\/uploads\/2024\/05\/cbg-fleur-infusion-premium.jpg 650w, https:\/\/42cbd.com\/wp-content\/uploads\/2024\/05\/cbg-fleur-infusion-premium-300x300.jpg 300w, https:\/\/42cbd.com\/wp-content\/uploads\/2024\/05\/cbg-fleur-infusion-premium-150x150.jpg 150w, https:\/\/42cbd.com\/wp-content\/uploads\/2024\/05\/cbg-fleur-infusion-premium-600x600.jpg 600w, https:\/\/42cbd.com\/wp-content\/uploads\/2024\/05\/cbg-fleur-infusion-premium-100x100.jpg 100w\" sizes=\"(max-width: 650px) 100vw, 650px\" \/><\/a><\/figure><\/div>\n\n\n<div class=\"wp-block-buttons is-content-justification-center is-layout-flex wp-container-core-buttons-layout-1 wp-block-buttons-is-layout-flex\">\n<div class=\"wp-block-button is-style-outline\"><a class=\"wp-block-button__link has-text-color has-link-color has-text-align-center wp-element-button\" style=\"color:#048c0f\">Fleur CBG Lavender Kush<\/a><\/div>\n<\/div>\n<\/div>\n\n\n\n<div class=\"wp-block-column is-layout-flow wp-block-column-is-layout-flow\"><div class=\"wp-block-image\">\n<figure class=\"aligncenter size-full is-resized\"><a href=\"https:\/\/42cbd.com\/index.php\/product\/huile-de-chanvre-biologique-helyxia-cbd-cbg\/\"><img loading=\"lazy\" decoding=\"async\" width=\"650\" height=\"650\" src=\"http:\/\/42cbd.com\/wp-content\/uploads\/2024\/04\/huile-chanvre-bio-cbd-cbg-helyxia.jpg\" alt=\"\" class=\"wp-image-691\" style=\"width:320px\" srcset=\"https:\/\/42cbd.com\/wp-content\/uploads\/2024\/04\/huile-chanvre-bio-cbd-cbg-helyxia.jpg 650w, https:\/\/42cbd.com\/wp-content\/uploads\/2024\/04\/huile-chanvre-bio-cbd-cbg-helyxia-300x300.jpg 300w, https:\/\/42cbd.com\/wp-content\/uploads\/2024\/04\/huile-chanvre-bio-cbd-cbg-helyxia-150x150.jpg 150w, https:\/\/42cbd.com\/wp-content\/uploads\/2024\/04\/huile-chanvre-bio-cbd-cbg-helyxia-600x600.jpg 600w, https:\/\/42cbd.com\/wp-content\/uploads\/2024\/04\/huile-chanvre-bio-cbd-cbg-helyxia-100x100.jpg 100w\" sizes=\"(max-width: 650px) 100vw, 650px\" \/><\/a><\/figure><\/div>\n\n\n<div class=\"wp-block-buttons is-content-justification-center is-layout-flex wp-container-core-buttons-layout-2 wp-block-buttons-is-layout-flex\">\n<div class=\"wp-block-button is-style-outline\"><a class=\"wp-block-button__link has-text-color has-link-color has-text-align-center wp-element-button\" style=\"color:#048c0f\">Huile CBD+CBG Helyxia <\/a><\/div>\n<\/div>\n<\/div>\n<\/div>\n\n\n\n<div style=\"height:42px\" aria-hidden=\"true\" class=\"wp-block-spacer\"><\/div>\n\n\n\n<h2 class=\"wp-block-heading\">Les Propri\u00e9t\u00e9s du CBG<\/h2>\n\n\n\n<h4 class=\"wp-block-heading\">Structure Chimique<\/h4>\n\n\n\n<p>La structure chimique du <strong>CBG <\/strong>est similaire \u00e0 celle des autres <strong>cannabino\u00efdes<\/strong>, mais ses propri\u00e9t\u00e9s uniques le distinguent. Le CBG est un cannabino\u00efde non psychoactif, ce qui signifie qu&#8217;il n&#8217;induit pas de sensation d&#8217;euphorie, contrairement au THC.<\/p>\n\n\n\n<h4 class=\"wp-block-heading\">Mode d&#8217;Action<\/h4>\n\n\n\n<p>Le <strong>CBG <\/strong>interagit avec le syst\u00e8me endocannabino\u00efde (SEC) du corps humain, qui joue un r\u00f4le crucial dans la r\u00e9gulation de diverses fonctions physiologiques, notamment la douleur, l&#8217;humeur, l&#8217;app\u00e9tit et le sommeil. Le <strong>CBG <\/strong>se lie principalement aux r\u00e9cepteurs CB1 et CB2, bien qu&#8217;il ait \u00e9galement des effets sur d&#8217;autres r\u00e9cepteurs non cannabino\u00efdes.<\/p>\n\n\n\n<p>Le <strong>CBG <\/strong>est un <strong>cannabino\u00efde <\/strong>prometteur avec un potentiel th\u00e9rapeutique important. Bien qu&#8217;il soit encore largement m\u00e9connu du grand public, son r\u00f4le dans la m\u00e9decine du cannabis pourrait se d\u00e9velopper consid\u00e9rablement dans les ann\u00e9es \u00e0 venir. \u00c0 mesure que la recherche avance, nous pourrions d\u00e9couvrir encore plus d&#8217;avantages et d&#8217;applications pour ce compos\u00e9 fascinant. Pour ceux qui cherchent des alternatives naturelles pour am\u00e9liorer leur sant\u00e9, le <strong>CBG <\/strong>m\u00e9rite certainement une attention particuli\u00e8re.<\/p>\n","protected":false},"excerpt":{"rendered":"<p>Le CBG, ou cannabig\u00e9rol, est un cannabino\u00efde moins connu mais tout aussi prometteur que ses c\u00e9l\u00e8bres cousins, le CBD (cannabidiol) et le THC (t\u00e9trahydrocannabinol). Souvent consid\u00e9r\u00e9 comme la &#8220;cellule souche&#8221; des cannabino\u00efdes, le CBG est le pr\u00e9curseur de nombreux autres cannabino\u00efdes. Les Avantages du CBG pour la Sant\u00e9 Propri\u00e9t\u00e9s Anti-Inflammatoires Des \u00e9tudes pr\u00e9liminaires sugg\u00e8rent que [&hellip;]<\/p>\n","protected":false},"author":1,"featured_media":0,"parent":0,"menu_order":0,"comment_status":"closed","ping_status":"closed","template":"","meta":{"ocean_post_layout":"","ocean_both_sidebars_style":"","ocean_both_sidebars_content_width":0,"ocean_both_sidebars_sidebars_width":0,"ocean_sidebar":"","ocean_second_sidebar":"","ocean_disable_margins":"enable","ocean_add_body_class":"","ocean_shortcode_before_top_bar":"","ocean_shortcode_after_top_bar":"","ocean_shortcode_before_header":"","ocean_shortcode_after_header":"","ocean_has_shortcode":"","ocean_shortcode_after_title":"","ocean_shortcode_before_footer_widgets":"","ocean_shortcode_after_footer_widgets":"","ocean_shortcode_before_footer_bottom":"","ocean_shortcode_after_footer_bottom":"","ocean_display_top_bar":"default","ocean_display_header":"default","ocean_header_style":"","ocean_center_header_left_menu":"","ocean_custom_header_template":"","ocean_custom_logo":0,"ocean_custom_retina_logo":0,"ocean_custom_logo_max_width":0,"ocean_custom_logo_tablet_max_width":0,"ocean_custom_logo_mobile_max_width":0,"ocean_custom_logo_max_height":0,"ocean_custom_logo_tablet_max_height":0,"ocean_custom_logo_mobile_max_height":0,"ocean_header_custom_menu":"","ocean_menu_typo_font_family":"","ocean_menu_typo_font_subset":"","ocean_menu_typo_font_size":0,"ocean_menu_typo_font_size_tablet":0,"ocean_menu_typo_font_size_mobile":0,"ocean_menu_typo_font_size_unit":"px","ocean_menu_typo_font_weight":"","ocean_menu_typo_font_weight_tablet":"","ocean_menu_typo_font_weight_mobile":"","ocean_menu_typo_transform":"","ocean_menu_typo_transform_tablet":"","ocean_menu_typo_transform_mobile":"","ocean_menu_typo_line_height":0,"ocean_menu_typo_line_height_tablet":0,"ocean_menu_typo_line_height_mobile":0,"ocean_menu_typo_line_height_unit":"","ocean_menu_typo_spacing":0,"ocean_menu_typo_spacing_tablet":0,"ocean_menu_typo_spacing_mobile":0,"ocean_menu_typo_spacing_unit":"","ocean_menu_link_color":"","ocean_menu_link_color_hover":"","ocean_menu_link_color_active":"","ocean_menu_link_background":"","ocean_menu_link_hover_background":"","ocean_menu_link_active_background":"","ocean_menu_social_links_bg":"","ocean_menu_social_hover_links_bg":"","ocean_menu_social_links_color":"","ocean_menu_social_hover_links_color":"","ocean_disable_title":"default","ocean_disable_heading":"default","ocean_post_title":"","ocean_post_subheading":"","ocean_post_title_style":"","ocean_post_title_background_color":"","ocean_post_title_background":0,"ocean_post_title_bg_image_position":"","ocean_post_title_bg_image_attachment":"","ocean_post_title_bg_image_repeat":"","ocean_post_title_bg_image_size":"","ocean_post_title_height":0,"ocean_post_title_bg_overlay":0.5,"ocean_post_title_bg_overlay_color":"","ocean_disable_breadcrumbs":"default","ocean_breadcrumbs_color":"","ocean_breadcrumbs_separator_color":"","ocean_breadcrumbs_links_color":"","ocean_breadcrumbs_links_hover_color":"","ocean_display_footer_widgets":"default","ocean_display_footer_bottom":"default","ocean_custom_footer_template":"","footnotes":""},"aioseo_notices":[],"jetpack_sharing_enabled":true,"_links":{"self":[{"href":"https:\/\/42cbd.com\/index.php\/wp-json\/wp\/v2\/pages\/876"}],"collection":[{"href":"https:\/\/42cbd.com\/index.php\/wp-json\/wp\/v2\/pages"}],"about":[{"href":"https:\/\/42cbd.com\/index.php\/wp-json\/wp\/v2\/types\/page"}],"author":[{"embeddable":true,"href":"https:\/\/42cbd.com\/index.php\/wp-json\/wp\/v2\/users\/1"}],"replies":[{"embeddable":true,"href":"https:\/\/42cbd.com\/index.php\/wp-json\/wp\/v2\/comments?post=876"}],"version-history":[{"count":12,"href":"https:\/\/42cbd.com\/index.php\/wp-json\/wp\/v2\/pages\/876\/revisions"}],"predecessor-version":[{"id":890,"href":"https:\/\/42cbd.com\/index.php\/wp-json\/wp\/v2\/pages\/876\/revisions\/890"}],"wp:attachment":[{"href":"https:\/\/42cbd.com\/index.php\/wp-json\/wp\/v2\/media?parent=876"}],"curies":[{"name":"wp","href":"https:\/\/api.w.org\/{rel}","templated":true}]}}