{"id":76,"date":"2023-10-28T20:46:51","date_gmt":"2023-10-28T18:46:51","guid":{"rendered":"https:\/\/42cbd.com\/?page_id=76"},"modified":"2024-01-04T22:22:21","modified_gmt":"2024-01-04T21:22:21","slug":"livraison-de-cbd-h4cbd-de-qualite-superieure-a-domicile","status":"publish","type":"page","link":"https:\/\/42cbd.com\/index.php\/livraison-de-cbd-h4cbd-de-qualite-superieure-a-domicile\/","title":{"rendered":"Livraison de CBD \/ H4CBD de qualit\u00e9 sup\u00e9rieure \u00e0 domicile"},"content":{"rendered":"\n<p class=\"has-text-align-center\">42CBD livre partout en France du <strong>CBD de qualit\u00e9<\/strong> issu de productions <strong>suisses<\/strong> et <strong>fran\u00e7aises<\/strong>.<\/p>\n\n\n\n<div class=\"wp-block-columns is-layout-flex wp-container-core-columns-layout-1 wp-block-columns-is-layout-flex\">\n<div class=\"wp-block-column is-layout-flow wp-block-column-is-layout-flow\">\n<h4 class=\"wp-block-heading has-text-align-center\"><a href=\"https:\/\/www.lecomptoir.app\/store\/aircbd_dbc6a8bbe6\" title=\"\">Livraison en Colissimo (sous 2 \u00e0 5 jours)<\/a><\/h4>\n<\/div>\n\n\n\n<div class=\"wp-block-column is-layout-flow wp-block-column-is-layout-flow\">\n<h4 class=\"wp-block-heading has-text-align-center\">Livraison en express (sous 2 heures)<\/h4>\n<\/div>\n<\/div>\n\n\n\n<div style=\"height:30px\" aria-hidden=\"true\" class=\"wp-block-spacer\"><\/div>\n\n\n\n<div class=\"wp-block-columns is-layout-flex wp-container-core-columns-layout-2 wp-block-columns-is-layout-flex\">\n<div class=\"wp-block-column is-layout-flow wp-block-column-is-layout-flow\" style=\"flex-basis:33.33%\">\n<figure class=\"wp-block-image size-full\"><img loading=\"lazy\" decoding=\"async\" width=\"505\" height=\"493\" src=\"https:\/\/42cbd.com\/wp-content\/uploads\/2023\/10\/livraison-cbd-h4cbd-france.jpg\" alt=\"\" class=\"wp-image-80\" srcset=\"https:\/\/42cbd.com\/wp-content\/uploads\/2023\/10\/livraison-cbd-h4cbd-france.jpg 505w, https:\/\/42cbd.com\/wp-content\/uploads\/2023\/10\/livraison-cbd-h4cbd-france-300x293.jpg 300w\" sizes=\"(max-width: 505px) 100vw, 505px\" \/><\/figure>\n<\/div>\n\n\n\n<div class=\"wp-block-column is-layout-flow wp-block-column-is-layout-flow\" style=\"flex-basis:66.66%\">\n<h4 class=\"wp-block-heading\">Profitez des avantages du CBD gr\u00e2ce \u00e0 la livraison de fleurs et r\u00e9sines CBD partout en France.<\/h4>\n\n\n\n<p>Vari\u00e9t\u00e9 de choix:<\/p>\n\n\n\n<p>Que vous pr\u00e9f\u00e9riez les <strong>fleurs de CBD<\/strong> pour une exp\u00e9rience plus aromatique ou les r\u00e9sines pour une concentration plus \u00e9lev\u00e9e de cannabidiol,<strong> Air CBD<\/strong> propose via diff\u00e9rents partenaires, la <strong>livraison<\/strong> partout en France de produits d&#8217;exception selon plusieurs vari\u00e9t\u00e9s au choix pour r\u00e9pondre \u00e0 vos exigences.<\/p>\n\n\n\n<p>Discr\u00e9tion et confidentialit\u00e9:<\/p>\n\n\n\n<p>La <strong>livraison de CBD<\/strong> en France garantit la discr\u00e9tion et la confidentialit\u00e9 de votre achat. Les produits sont livr\u00e9s dans des emballages discrets, sans aucune indication ext\u00e9rieure du contenu. Vous pouvez donc recevoir votre commande en toute tranquillit\u00e9.<\/p>\n<\/div>\n<\/div>\n\n\n\n<h2 class=\"wp-block-heading has-text-align-center\">Livraison de CBD \u00e0 Paris<\/h2>\n\n\n\n<h2 class=\"wp-block-heading has-text-align-center\">Livraison de CBD \u00e0 Lyon<\/h2>\n\n\n\n<h3 class=\"wp-block-heading has-text-align-center\">Livraison de CBD \u00e0 Toulouse<\/h3>\n\n\n\n<h3 class=\"wp-block-heading has-text-align-center\">Livraison de CBD \u00e0 Nice<\/h3>\n\n\n\n<h3 class=\"wp-block-heading has-text-align-center\">Livraison de CBD \u00e0 Bordeaux<\/h3>\n\n\n\n<h3 class=\"wp-block-heading has-text-align-center\">Livraison de CBD \u00e0 Nantes<\/h3>\n\n\n\n<h4 class=\"wp-block-heading has-text-align-center\">Livraison de CBD en express (sous 2h) disponible \u00e0 Rouen, Mulhouse et dans le Pays de Gex <\/h4>\n","protected":false},"excerpt":{"rendered":"<p>42CBD livre partout en France du CBD de qualit\u00e9 issu de productions suisses et fran\u00e7aises. Livraison en Colissimo (sous 2 \u00e0 5 jours) Livraison en express (sous 2 heures) Profitez des avantages du CBD gr\u00e2ce \u00e0 la livraison de fleurs et r\u00e9sines CBD partout en France. Vari\u00e9t\u00e9 de choix: Que vous pr\u00e9f\u00e9riez les fleurs de [&hellip;]<\/p>\n","protected":false},"author":1,"featured_media":0,"parent":0,"menu_order":0,"comment_status":"closed","ping_status":"closed","template":"","meta":{"ocean_post_layout":"","ocean_both_sidebars_style":"","ocean_both_sidebars_content_width":0,"ocean_both_sidebars_sidebars_width":0,"ocean_sidebar":"","ocean_second_sidebar":"","ocean_disable_margins":"enable","ocean_add_body_class":"","ocean_shortcode_before_top_bar":"","ocean_shortcode_after_top_bar":"","ocean_shortcode_before_header":"","ocean_shortcode_after_header":"","ocean_has_shortcode":"","ocean_shortcode_after_title":"","ocean_shortcode_before_footer_widgets":"","ocean_shortcode_after_footer_widgets":"","ocean_shortcode_before_footer_bottom":"","ocean_shortcode_after_footer_bottom":"","ocean_display_top_bar":"default","ocean_display_header":"default","ocean_header_style":"","ocean_center_header_left_menu":"","ocean_custom_header_template":"","ocean_custom_logo":0,"ocean_custom_retina_logo":0,"ocean_custom_logo_max_width":0,"ocean_custom_logo_tablet_max_width":0,"ocean_custom_logo_mobile_max_width":0,"ocean_custom_logo_max_height":0,"ocean_custom_logo_tablet_max_height":0,"ocean_custom_logo_mobile_max_height":0,"ocean_header_custom_menu":"","ocean_menu_typo_font_family":"","ocean_menu_typo_font_subset":"","ocean_menu_typo_font_size":0,"ocean_menu_typo_font_size_tablet":0,"ocean_menu_typo_font_size_mobile":0,"ocean_menu_typo_font_size_unit":"px","ocean_menu_typo_font_weight":"","ocean_menu_typo_font_weight_tablet":"","ocean_menu_typo_font_weight_mobile":"","ocean_menu_typo_transform":"","ocean_menu_typo_transform_tablet":"","ocean_menu_typo_transform_mobile":"","ocean_menu_typo_line_height":0,"ocean_menu_typo_line_height_tablet":0,"ocean_menu_typo_line_height_mobile":0,"ocean_menu_typo_line_height_unit":"","ocean_menu_typo_spacing":0,"ocean_menu_typo_spacing_tablet":0,"ocean_menu_typo_spacing_mobile":0,"ocean_menu_typo_spacing_unit":"","ocean_menu_link_color":"","ocean_menu_link_color_hover":"","ocean_menu_link_color_active":"","ocean_menu_link_background":"","ocean_menu_link_hover_background":"","ocean_menu_link_active_background":"","ocean_menu_social_links_bg":"","ocean_menu_social_hover_links_bg":"","ocean_menu_social_links_color":"","ocean_menu_social_hover_links_color":"","ocean_disable_title":"default","ocean_disable_heading":"default","ocean_post_title":"","ocean_post_subheading":"","ocean_post_title_style":"","ocean_post_title_background_color":"","ocean_post_title_background":0,"ocean_post_title_bg_image_position":"","ocean_post_title_bg_image_attachment":"","ocean_post_title_bg_image_repeat":"","ocean_post_title_bg_image_size":"","ocean_post_title_height":0,"ocean_post_title_bg_overlay":0.5,"ocean_post_title_bg_overlay_color":"","ocean_disable_breadcrumbs":"default","ocean_breadcrumbs_color":"","ocean_breadcrumbs_separator_color":"","ocean_breadcrumbs_links_color":"","ocean_breadcrumbs_links_hover_color":"","ocean_display_footer_widgets":"default","ocean_display_footer_bottom":"default","ocean_custom_footer_template":"","footnotes":""},"aioseo_notices":[],"jetpack_sharing_enabled":true,"_links":{"self":[{"href":"https:\/\/42cbd.com\/index.php\/wp-json\/wp\/v2\/pages\/76"}],"collection":[{"href":"https:\/\/42cbd.com\/index.php\/wp-json\/wp\/v2\/pages"}],"about":[{"href":"https:\/\/42cbd.com\/index.php\/wp-json\/wp\/v2\/types\/page"}],"author":[{"embeddable":true,"href":"https:\/\/42cbd.com\/index.php\/wp-json\/wp\/v2\/users\/1"}],"replies":[{"embeddable":true,"href":"https:\/\/42cbd.com\/index.php\/wp-json\/wp\/v2\/comments?post=76"}],"version-history":[{"count":10,"href":"https:\/\/42cbd.com\/index.php\/wp-json\/wp\/v2\/pages\/76\/revisions"}],"predecessor-version":[{"id":149,"href":"https:\/\/42cbd.com\/index.php\/wp-json\/wp\/v2\/pages\/76\/revisions\/149"}],"wp:attachment":[{"href":"https:\/\/42cbd.com\/index.php\/wp-json\/wp\/v2\/media?parent=76"}],"curies":[{"name":"wp","href":"https:\/\/api.w.org\/{rel}","templated":true}]}}