{"id":362,"date":"2024-04-11T19:09:00","date_gmt":"2024-04-11T17:09:00","guid":{"rendered":"https:\/\/42cbd.com\/?page_id=362"},"modified":"2024-05-06T17:46:42","modified_gmt":"2024-05-06T15:46:42","slug":"le-cbd-budah-bud","status":"publish","type":"page","link":"https:\/\/42cbd.com\/index.php\/le-cbd-budah-bud\/","title":{"rendered":"Le CBD Budah Bud"},"content":{"rendered":"\n<h4 class=\"wp-block-heading\"><strong>Budah Bud : Un havre de S\u00e9r\u00e9nit\u00e9 avec le CBD Apaisant<\/strong><\/h4>\n\n\n\n<p style=\"font-size:18px\"><strong>Budah Bud<\/strong> se d\u00e9marque en offrant une gamme exceptionnelle de produits de <strong>CBD <\/strong>con\u00e7us pour apporter calme, s\u00e9r\u00e9nit\u00e9 et <strong>relaxation<\/strong>.<\/p>\n\n\n\n<div class=\"wp-block-columns is-layout-flex wp-container-core-columns-layout-1 wp-block-columns-is-layout-flex\">\n<div class=\"wp-block-column is-layout-flow wp-block-column-is-layout-flow\">\n<h3 class=\"wp-block-heading has-text-align-center\"><a href=\"https:\/\/42cbd.com\/index.php\/cbd-premium\/#fleurs-cbd-indoor-budah-bud\" title=\"\">Fleurs de CBD Budah Bud<\/a><\/h3>\n\n\n<div class=\"wp-block-image\">\n<figure class=\"aligncenter size-full is-resized\"><a href=\"https:\/\/42cbd.com\/index.php\/cbd-premium\/#fleurs-cbd-indoor-budah-bud\"><img loading=\"lazy\" decoding=\"async\" width=\"650\" height=\"650\" src=\"http:\/\/42cbd.com\/wp-content\/uploads\/2024\/04\/limoncello-cbd-indoor-suisse.jpg\" alt=\"\" class=\"wp-image-312\" style=\"width:250px\" srcset=\"https:\/\/42cbd.com\/wp-content\/uploads\/2024\/04\/limoncello-cbd-indoor-suisse.jpg 650w, https:\/\/42cbd.com\/wp-content\/uploads\/2024\/04\/limoncello-cbd-indoor-suisse-300x300.jpg 300w, https:\/\/42cbd.com\/wp-content\/uploads\/2024\/04\/limoncello-cbd-indoor-suisse-150x150.jpg 150w, https:\/\/42cbd.com\/wp-content\/uploads\/2024\/04\/limoncello-cbd-indoor-suisse-600x600.jpg 600w, https:\/\/42cbd.com\/wp-content\/uploads\/2024\/04\/limoncello-cbd-indoor-suisse-100x100.jpg 100w\" sizes=\"(max-width: 650px) 100vw, 650px\" \/><\/a><\/figure><\/div><\/div>\n\n\n\n<div class=\"wp-block-column is-layout-flow wp-block-column-is-layout-flow\">\n<h3 class=\"wp-block-heading has-text-align-center\"><a href=\"https:\/\/42cbd.com\/index.php\/cbd-premium\/#resine-cbd-budah-bud\" title=\"\">R\u00e9sine de CBD Budah Bud<\/a><\/h3>\n\n\n<div class=\"wp-block-image\">\n<figure class=\"aligncenter size-full is-resized\"><a href=\"https:\/\/42cbd.com\/index.php\/cbd-premium\/#resine-cbd-budah-bud\"><img loading=\"lazy\" decoding=\"async\" width=\"650\" height=\"650\" src=\"http:\/\/42cbd.com\/wp-content\/uploads\/2024\/04\/libanais-rouge-resine-cbd-budah-bud.jpg\" alt=\"\" class=\"wp-image-282\" style=\"width:250px\" srcset=\"https:\/\/42cbd.com\/wp-content\/uploads\/2024\/04\/libanais-rouge-resine-cbd-budah-bud.jpg 650w, https:\/\/42cbd.com\/wp-content\/uploads\/2024\/04\/libanais-rouge-resine-cbd-budah-bud-300x300.jpg 300w, https:\/\/42cbd.com\/wp-content\/uploads\/2024\/04\/libanais-rouge-resine-cbd-budah-bud-150x150.jpg 150w, https:\/\/42cbd.com\/wp-content\/uploads\/2024\/04\/libanais-rouge-resine-cbd-budah-bud-600x600.jpg 600w, https:\/\/42cbd.com\/wp-content\/uploads\/2024\/04\/libanais-rouge-resine-cbd-budah-bud-100x100.jpg 100w\" sizes=\"(max-width: 650px) 100vw, 650px\" \/><\/a><\/figure><\/div><\/div>\n\n\n\n<div class=\"wp-block-column is-layout-flow wp-block-column-is-layout-flow\">\n<h3 class=\"wp-block-heading has-text-align-center\"><a href=\"https:\/\/42cbd.com\/index.php\/cbd-premium\/#cbd-rock-budah-bud\" title=\"\">CBD &#8220;Rock&#8221; Budah Bud<\/a><\/h3>\n\n\n<div class=\"wp-block-image\">\n<figure class=\"aligncenter size-full is-resized\"><a href=\"https:\/\/42cbd.com\/index.php\/cbd-premium\/#cbd-rock-budah-bud\"><img loading=\"lazy\" decoding=\"async\" width=\"650\" height=\"650\" src=\"https:\/\/42cbd.com\/wp-content\/uploads\/2024\/04\/fleurs-ice-rock-cbd-suisse-premium-indoor-budah-bud.jpg\" alt=\"\" class=\"wp-image-393\" style=\"width:250px\" srcset=\"https:\/\/42cbd.com\/wp-content\/uploads\/2024\/04\/fleurs-ice-rock-cbd-suisse-premium-indoor-budah-bud.jpg 650w, https:\/\/42cbd.com\/wp-content\/uploads\/2024\/04\/fleurs-ice-rock-cbd-suisse-premium-indoor-budah-bud-300x300.jpg 300w, https:\/\/42cbd.com\/wp-content\/uploads\/2024\/04\/fleurs-ice-rock-cbd-suisse-premium-indoor-budah-bud-150x150.jpg 150w, https:\/\/42cbd.com\/wp-content\/uploads\/2024\/04\/fleurs-ice-rock-cbd-suisse-premium-indoor-budah-bud-600x600.jpg 600w, https:\/\/42cbd.com\/wp-content\/uploads\/2024\/04\/fleurs-ice-rock-cbd-suisse-premium-indoor-budah-bud-100x100.jpg 100w\" sizes=\"(max-width: 650px) 100vw, 650px\" \/><\/a><\/figure><\/div><\/div>\n<\/div>\n\n\n\n<h4 class=\"wp-block-heading\"><strong>Une D\u00e9tente Naturelle avec Budah Bud<\/strong><\/h4>\n\n\n\n<p>Budah Bud se positionne comme une r\u00e9f\u00e9rence dans le domaine du <strong>CBD apaisant<\/strong>. La marque s&#8217;engage \u00e0 fournir des produits de la plus haute qualit\u00e9, utilisant exclusivement du CBD d\u00e9riv\u00e9 du chanvre cultiv\u00e9 de mani\u00e8re biologique (en&nbsp;\u00ab&nbsp;<strong><a href=\"https:\/\/42cbd.com\/index.php\/cbd-cultive-en-indoor-pour-une-qualite-optimale\/\" title=\"CBD cultiv\u00e9 en indoor pour une qualit\u00e9 optimale\">indoor&nbsp;<\/a><\/strong>\u00bb ou sous serre)&nbsp; et durable. Ces pratiques garantissent non seulement la puret\u00e9 du CBD, mais aussi la pr\u00e9servation de l&#8217;environnement.<\/p>\n\n\n\n<div class=\"wp-block-columns is-layout-flex wp-container-core-columns-layout-2 wp-block-columns-is-layout-flex\">\n<div class=\"wp-block-column is-layout-flow wp-block-column-is-layout-flow\" style=\"flex-basis:33.33%\"><div class=\"wp-block-image\">\n<figure class=\"aligncenter size-large is-resized\"><img loading=\"lazy\" decoding=\"async\" width=\"1024\" height=\"1024\" src=\"http:\/\/42cbd.com\/wp-content\/uploads\/2024\/04\/logo-budah-bud-1024x1024.png\" alt=\"\" class=\"wp-image-278\" style=\"width:270px\" srcset=\"https:\/\/42cbd.com\/wp-content\/uploads\/2024\/04\/logo-budah-bud-1024x1024.png 1024w, https:\/\/42cbd.com\/wp-content\/uploads\/2024\/04\/logo-budah-bud-300x300.png 300w, https:\/\/42cbd.com\/wp-content\/uploads\/2024\/04\/logo-budah-bud-150x150.png 150w, https:\/\/42cbd.com\/wp-content\/uploads\/2024\/04\/logo-budah-bud-768x768.png 768w, https:\/\/42cbd.com\/wp-content\/uploads\/2024\/04\/logo-budah-bud-600x600.png 600w, https:\/\/42cbd.com\/wp-content\/uploads\/2024\/04\/logo-budah-bud-100x100.png 100w, https:\/\/42cbd.com\/wp-content\/uploads\/2024\/04\/logo-budah-bud.png 1200w\" sizes=\"(max-width: 1024px) 100vw, 1024px\" \/><\/figure><\/div><\/div>\n\n\n\n<div class=\"wp-block-column is-layout-flow wp-block-column-is-layout-flow\" style=\"flex-basis:66.66%\">\n<h4 class=\"wp-block-heading\"><strong>Des Produits Soigneusement \u00c9labor\u00e9s<\/strong><\/h4>\n\n\n\n<p>La gamme de produits Budah Bud est soigneusement \u00e9labor\u00e9e pour r\u00e9pondre aux besoins de ceux qui recherchent une d\u00e9tente naturelle. Chaque produit est formul\u00e9 avec pr\u00e9cision pour assurer une concentration optimale en CBD et une efficacit\u00e9 maximale.<\/p>\n\n\n\n<h4 class=\"wp-block-heading\"><strong>Orientation envers le Bien-\u00eatre<\/strong><\/h4>\n\n\n\n<p>Budah Bud ne se contente pas de fournir des produits de CBD de qualit\u00e9 sup\u00e9rieure. La marque s&#8217;engage \u00e9galement \u00e0 embarquer ses clients sur les bienfaits du CBD apaisant, encourageant ainsi une approche holistique du bien-\u00eatre. Les consommateurs peuvent compter sur Budah Bud pour les accompagner dans leur qu\u00eate de tranquillit\u00e9 int\u00e9rieure.<\/p>\n<\/div>\n<\/div>\n","protected":false},"excerpt":{"rendered":"<p>Budah Bud : Un havre de S\u00e9r\u00e9nit\u00e9 avec le CBD Apaisant Budah Bud se d\u00e9marque en offrant une gamme exceptionnelle de produits de CBD con\u00e7us pour apporter calme, s\u00e9r\u00e9nit\u00e9 et relaxation. Fleurs de CBD Budah Bud R\u00e9sine de CBD Budah Bud CBD &#8220;Rock&#8221; Budah Bud Une D\u00e9tente Naturelle avec Budah Bud Budah Bud se positionne [&hellip;]<\/p>\n","protected":false},"author":1,"featured_media":0,"parent":0,"menu_order":0,"comment_status":"closed","ping_status":"closed","template":"","meta":{"ocean_post_layout":"","ocean_both_sidebars_style":"","ocean_both_sidebars_content_width":0,"ocean_both_sidebars_sidebars_width":0,"ocean_sidebar":"","ocean_second_sidebar":"","ocean_disable_margins":"enable","ocean_add_body_class":"","ocean_shortcode_before_top_bar":"","ocean_shortcode_after_top_bar":"","ocean_shortcode_before_header":"","ocean_shortcode_after_header":"","ocean_has_shortcode":"","ocean_shortcode_after_title":"","ocean_shortcode_before_footer_widgets":"","ocean_shortcode_after_footer_widgets":"","ocean_shortcode_before_footer_bottom":"","ocean_shortcode_after_footer_bottom":"","ocean_display_top_bar":"default","ocean_display_header":"default","ocean_header_style":"","ocean_center_header_left_menu":"","ocean_custom_header_template":"","ocean_custom_logo":0,"ocean_custom_retina_logo":0,"ocean_custom_logo_max_width":0,"ocean_custom_logo_tablet_max_width":0,"ocean_custom_logo_mobile_max_width":0,"ocean_custom_logo_max_height":0,"ocean_custom_logo_tablet_max_height":0,"ocean_custom_logo_mobile_max_height":0,"ocean_header_custom_menu":"","ocean_menu_typo_font_family":"","ocean_menu_typo_font_subset":"","ocean_menu_typo_font_size":0,"ocean_menu_typo_font_size_tablet":0,"ocean_menu_typo_font_size_mobile":0,"ocean_menu_typo_font_size_unit":"px","ocean_menu_typo_font_weight":"","ocean_menu_typo_font_weight_tablet":"","ocean_menu_typo_font_weight_mobile":"","ocean_menu_typo_transform":"","ocean_menu_typo_transform_tablet":"","ocean_menu_typo_transform_mobile":"","ocean_menu_typo_line_height":0,"ocean_menu_typo_line_height_tablet":0,"ocean_menu_typo_line_height_mobile":0,"ocean_menu_typo_line_height_unit":"","ocean_menu_typo_spacing":0,"ocean_menu_typo_spacing_tablet":0,"ocean_menu_typo_spacing_mobile":0,"ocean_menu_typo_spacing_unit":"","ocean_menu_link_color":"","ocean_menu_link_color_hover":"","ocean_menu_link_color_active":"","ocean_menu_link_background":"","ocean_menu_link_hover_background":"","ocean_menu_link_active_background":"","ocean_menu_social_links_bg":"","ocean_menu_social_hover_links_bg":"","ocean_menu_social_links_color":"","ocean_menu_social_hover_links_color":"","ocean_disable_title":"default","ocean_disable_heading":"default","ocean_post_title":"","ocean_post_subheading":"","ocean_post_title_style":"","ocean_post_title_background_color":"","ocean_post_title_background":0,"ocean_post_title_bg_image_position":"","ocean_post_title_bg_image_attachment":"","ocean_post_title_bg_image_repeat":"","ocean_post_title_bg_image_size":"","ocean_post_title_height":0,"ocean_post_title_bg_overlay":0.5,"ocean_post_title_bg_overlay_color":"","ocean_disable_breadcrumbs":"default","ocean_breadcrumbs_color":"","ocean_breadcrumbs_separator_color":"","ocean_breadcrumbs_links_color":"","ocean_breadcrumbs_links_hover_color":"","ocean_display_footer_widgets":"default","ocean_display_footer_bottom":"default","ocean_custom_footer_template":"","footnotes":""},"aioseo_notices":[],"jetpack_sharing_enabled":true,"_links":{"self":[{"href":"https:\/\/42cbd.com\/index.php\/wp-json\/wp\/v2\/pages\/362"}],"collection":[{"href":"https:\/\/42cbd.com\/index.php\/wp-json\/wp\/v2\/pages"}],"about":[{"href":"https:\/\/42cbd.com\/index.php\/wp-json\/wp\/v2\/types\/page"}],"author":[{"embeddable":true,"href":"https:\/\/42cbd.com\/index.php\/wp-json\/wp\/v2\/users\/1"}],"replies":[{"embeddable":true,"href":"https:\/\/42cbd.com\/index.php\/wp-json\/wp\/v2\/comments?post=362"}],"version-history":[{"count":13,"href":"https:\/\/42cbd.com\/index.php\/wp-json\/wp\/v2\/pages\/362\/revisions"}],"predecessor-version":[{"id":802,"href":"https:\/\/42cbd.com\/index.php\/wp-json\/wp\/v2\/pages\/362\/revisions\/802"}],"wp:attachment":[{"href":"https:\/\/42cbd.com\/index.php\/wp-json\/wp\/v2\/media?parent=362"}],"curies":[{"name":"wp","href":"https:\/\/api.w.org\/{rel}","templated":true}]}}