{"id":2,"date":"2023-10-21T20:17:26","date_gmt":"2023-10-21T18:17:26","guid":{"rendered":"http:\/\/42cbd.com\/?page_id=2"},"modified":"2025-08-31T14:42:51","modified_gmt":"2025-08-31T12:42:51","slug":"page-d-exemple","status":"publish","type":"page","link":"https:\/\/42cbd.com\/","title":{"rendered":"CBD de qualit\u00e9 sup\u00e9rieure"},"content":{"rendered":"\n<div class=\"wp-block-columns is-layout-flex wp-container-core-columns-layout-1 wp-block-columns-is-layout-flex\">\n<div class=\"wp-block-column is-layout-flow wp-block-column-is-layout-flow\"><div class=\"wp-block-image\">\n<figure class=\"aligncenter size-full is-resized\"><a href=\"https:\/\/42cbd.com\/index.php\/fleurs-de-cbd-qualite-premium\/\"><img loading=\"lazy\" decoding=\"async\" width=\"700\" height=\"700\" src=\"https:\/\/42cbd.com\/wp-content\/uploads\/2023\/10\/livraison-fleur-cbd.png\" alt=\"\" class=\"wp-image-56\" style=\"width:160px\" srcset=\"https:\/\/42cbd.com\/wp-content\/uploads\/2023\/10\/livraison-fleur-cbd.png 700w, https:\/\/42cbd.com\/wp-content\/uploads\/2023\/10\/livraison-fleur-cbd-300x300.png 300w, https:\/\/42cbd.com\/wp-content\/uploads\/2023\/10\/livraison-fleur-cbd-150x150.png 150w, https:\/\/42cbd.com\/wp-content\/uploads\/2023\/10\/livraison-fleur-cbd-600x600.png 600w, https:\/\/42cbd.com\/wp-content\/uploads\/2023\/10\/livraison-fleur-cbd-100x100.png 100w\" sizes=\"(max-width: 700px) 100vw, 700px\" \/><\/a><\/figure><\/div>\n\n\n<h3 class=\"wp-block-heading has-text-align-center has-black-color has-text-color\"><a href=\"https:\/\/42cbd.com\/index.php\/fleurs-de-cbd-qualite-premium\/\" title=\"\">Fleurs de CBD<\/a><\/h3>\n\n\n\n<p class=\"has-text-align-center\">Choisissez parmi plusieurs vari\u00e9t\u00e9s de fleurs de CBD de qualit\u00e9 sup\u00e9rieur en pochon ou en <strong>pr\u00e9-roul\u00e9<\/strong>:<strong> Amnesia Haze, Jack Herer, Strawberry, Skittles<\/strong>&#8230;.<\/p>\n<\/div>\n\n\n\n<div class=\"wp-block-column is-layout-flow wp-block-column-is-layout-flow\"><div class=\"wp-block-image\">\n<figure class=\"aligncenter size-full is-resized\"><a href=\"https:\/\/42cbd.com\/index.php\/resines-de-cbd-de-qualite-premium\/\"><img loading=\"lazy\" decoding=\"async\" width=\"700\" height=\"700\" src=\"https:\/\/42cbd.com\/wp-content\/uploads\/2023\/10\/livraison-resine-cbd.png\" alt=\"\" class=\"wp-image-57\" style=\"width:160px\" srcset=\"https:\/\/42cbd.com\/wp-content\/uploads\/2023\/10\/livraison-resine-cbd.png 700w, https:\/\/42cbd.com\/wp-content\/uploads\/2023\/10\/livraison-resine-cbd-300x300.png 300w, https:\/\/42cbd.com\/wp-content\/uploads\/2023\/10\/livraison-resine-cbd-150x150.png 150w, https:\/\/42cbd.com\/wp-content\/uploads\/2023\/10\/livraison-resine-cbd-600x600.png 600w, https:\/\/42cbd.com\/wp-content\/uploads\/2023\/10\/livraison-resine-cbd-100x100.png 100w\" sizes=\"(max-width: 700px) 100vw, 700px\" \/><\/a><\/figure><\/div>\n\n\n<h3 class=\"wp-block-heading has-text-align-center\"><a href=\"https:\/\/42cbd.com\/index.php\/resines-de-cbd-de-qualite-premium\/\" title=\"\">R\u00e9sine de CBD<\/a><\/h3>\n\n\n\n<p class=\"has-text-align-center\">R\u00e9sines de CBD Suisse de qualit\u00e9 \u00e0 d\u00e9couvrir tel que le <strong>Charas<\/strong> , le <strong>3x filtr\u00e9<\/strong>, le <strong>Supr\u00eame<\/strong>, le <strong>Safra<\/strong>, le <strong>libanais<\/strong> et le <strong>Jaune mousseux<\/strong>.<\/p>\n<\/div>\n\n\n\n<div class=\"wp-block-column is-layout-flow wp-block-column-is-layout-flow\"><div class=\"wp-block-image\">\n<figure class=\"aligncenter size-full is-resized\"><a href=\"https:\/\/42cbd.com\/index.php\/huiles-de-chanvre-cbd\/\"><img loading=\"lazy\" decoding=\"async\" width=\"700\" height=\"700\" src=\"https:\/\/42cbd.com\/wp-content\/uploads\/2023\/10\/livraison-huile-de-cbd.png\" alt=\"\" class=\"wp-image-58\" style=\"width:160px\" srcset=\"https:\/\/42cbd.com\/wp-content\/uploads\/2023\/10\/livraison-huile-de-cbd.png 700w, https:\/\/42cbd.com\/wp-content\/uploads\/2023\/10\/livraison-huile-de-cbd-300x300.png 300w, https:\/\/42cbd.com\/wp-content\/uploads\/2023\/10\/livraison-huile-de-cbd-150x150.png 150w, https:\/\/42cbd.com\/wp-content\/uploads\/2023\/10\/livraison-huile-de-cbd-600x600.png 600w, https:\/\/42cbd.com\/wp-content\/uploads\/2023\/10\/livraison-huile-de-cbd-100x100.png 100w\" sizes=\"(max-width: 700px) 100vw, 700px\" \/><\/a><\/figure><\/div>\n\n\n<h3 class=\"wp-block-heading has-text-align-center\"><strong><a href=\"https:\/\/42cbd.com\/index.php\/huiles-de-chanvre-cbd\/\" title=\"\">Huiles de CBD<\/a><\/strong><\/h3>\n\n\n\n<p class=\"has-text-align-center\">Profitez des bienfaits apaisant de nos <strong>huiles de CBD<\/strong> con\u00e7ues \u00e0 partir de chanvre issu de l&#8217;agriculture <strong>biologique<\/strong>.<\/p>\n<\/div>\n<\/div>\n\n\n\n<div style=\"height:40px\" aria-hidden=\"true\" class=\"wp-block-spacer\"><\/div>\n\n\n\n<div class=\"wp-block-columns is-layout-flex wp-container-core-columns-layout-2 wp-block-columns-is-layout-flex\">\n<div class=\"wp-block-column is-layout-flow wp-block-column-is-layout-flow\">\n<figure class=\"wp-block-image size-large\"><img loading=\"lazy\" decoding=\"async\" width=\"1024\" height=\"696\" src=\"https:\/\/42cbd.com\/wp-content\/uploads\/2024\/04\/cbd-pre-roll-high-budi-1024x696.jpg\" alt=\"\" class=\"wp-image-419\" srcset=\"https:\/\/42cbd.com\/wp-content\/uploads\/2024\/04\/cbd-pre-roll-high-budi-1024x696.jpg 1024w, https:\/\/42cbd.com\/wp-content\/uploads\/2024\/04\/cbd-pre-roll-high-budi-300x204.jpg 300w, https:\/\/42cbd.com\/wp-content\/uploads\/2024\/04\/cbd-pre-roll-high-budi-768x522.jpg 768w, https:\/\/42cbd.com\/wp-content\/uploads\/2024\/04\/cbd-pre-roll-high-budi-600x408.jpg 600w, https:\/\/42cbd.com\/wp-content\/uploads\/2024\/04\/cbd-pre-roll-high-budi.jpg 1030w\" sizes=\"(max-width: 1024px) 100vw, 1024px\" \/><\/figure>\n\n\n\n<h3 class=\"wp-block-heading has-text-align-center\">CBD Pre Roll<\/h3>\n<\/div>\n\n\n\n<div class=\"wp-block-column is-layout-flow wp-block-column-is-layout-flow\">\n<figure class=\"wp-block-image size-large\"><img loading=\"lazy\" decoding=\"async\" width=\"1024\" height=\"696\" src=\"https:\/\/42cbd.com\/wp-content\/uploads\/2024\/04\/cbd-vap-e-liquide-1024x696.jpg\" alt=\"\" class=\"wp-image-420\" srcset=\"https:\/\/42cbd.com\/wp-content\/uploads\/2024\/04\/cbd-vap-e-liquide-1024x696.jpg 1024w, https:\/\/42cbd.com\/wp-content\/uploads\/2024\/04\/cbd-vap-e-liquide-300x204.jpg 300w, https:\/\/42cbd.com\/wp-content\/uploads\/2024\/04\/cbd-vap-e-liquide-768x522.jpg 768w, https:\/\/42cbd.com\/wp-content\/uploads\/2024\/04\/cbd-vap-e-liquide-600x408.jpg 600w, https:\/\/42cbd.com\/wp-content\/uploads\/2024\/04\/cbd-vap-e-liquide.jpg 1030w\" sizes=\"(max-width: 1024px) 100vw, 1024px\" \/><\/figure>\n\n\n\n<h3 class=\"wp-block-heading has-text-align-center\">CBD Vap \/ E-liquide<\/h3>\n<\/div>\n<\/div>\n\n\n\n<div style=\"height:40px\" aria-hidden=\"true\" class=\"wp-block-spacer\"><\/div>\n\n\n\n<div class=\"wp-block-cover alignfull wp-duotone-unset-1\" style=\"margin-top:0;padding-top:4vw;padding-right:4vw;padding-bottom:4vw;padding-left:4vw;min-height:50vh\"><span aria-hidden=\"true\" class=\"wp-block-cover__background has-background-dim\" style=\"background-color:#010200\"><\/span><img loading=\"lazy\" decoding=\"async\" width=\"1920\" height=\"1087\" class=\"wp-block-cover__image-background wp-image-47\" alt=\"\" src=\"http:\/\/42cbd.com\/wp-content\/uploads\/2023\/10\/bg-hp.jpg\" data-object-fit=\"cover\" srcset=\"https:\/\/42cbd.com\/wp-content\/uploads\/2023\/10\/bg-hp.jpg 1920w, https:\/\/42cbd.com\/wp-content\/uploads\/2023\/10\/bg-hp-300x170.jpg 300w, https:\/\/42cbd.com\/wp-content\/uploads\/2023\/10\/bg-hp-1024x580.jpg 1024w, https:\/\/42cbd.com\/wp-content\/uploads\/2023\/10\/bg-hp-768x435.jpg 768w, https:\/\/42cbd.com\/wp-content\/uploads\/2023\/10\/bg-hp-1536x870.jpg 1536w, https:\/\/42cbd.com\/wp-content\/uploads\/2023\/10\/bg-hp-600x340.jpg 600w\" sizes=\"(max-width: 1920px) 100vw, 1920px\" \/><div class=\"wp-block-cover__inner-container is-layout-flow wp-block-cover-is-layout-flow\">\n<h2 class=\"wp-block-heading has-text-align-left has-white-color has-text-color has-large-font-size\"><a href=\"https:\/\/42cbd.com\/index.php\/cbd-premium\/\" title=\"CBD Premium\">CBD<\/a><\/h2>\n\n\n\n<h2 class=\"wp-block-heading has-white-color has-text-color\">Livraison de fleurs et de r\u00e9sines de CBD de production Suisse et Fran\u00e7aise.<\/h2>\n\n\n\n<p class=\"has-text-align-left has-white-color has-text-color\" style=\"font-size:16px\">Commandez vos vari\u00e9t\u00e9s pr\u00e9f\u00e9r\u00e9es sous forme de <strong>fleur<\/strong> ou de <strong>r\u00e9sine<\/strong> sur<strong> 4<\/strong>2<strong>CBD<\/strong>. L&#8217;<strong>Amn\u00e9sia<\/strong> <strong>Haze<\/strong> proposant une puissante saveur d&#8217;agrume, la Sk<strong>itte<\/strong> aux ar\u00f4mes rafra\u00eechissants, la r\u00e9sine trois fois filtr\u00e9 au parfum enivrant. Nos produits sont cultiv\u00e9s en &#8220;<strong><a href=\"https:\/\/42cbd.com\/index.php\/cbd-cultive-en-indoor-pour-une-qualite-optimale\/\" title=\"CBD cultiv\u00e9 en indoor pour une qualit\u00e9 optimale\">indoor<\/a><\/strong>&#8221; afin de garantir une qualit\u00e9 optimale.<\/p>\n\n\n\n<p class=\"has-white-color has-text-color\" style=\"font-size:16px\">Bienvenue sur notre site marchand sp\u00e9cialis\u00e9 dans la vente de <strong>fleurs<\/strong> et <strong>r\u00e9sine<\/strong> de <strong>CBD<\/strong> de<strong> haute qualit\u00e9<\/strong> ! Nous sommes fiers de vous offrir une s\u00e9lection exquise de produits issus de vari\u00e9t\u00e9s riches en cannabidiol (CBD). Que vous soyez un amateur de <strong>fleurs de CBD<\/strong> \u00e0 la recherche d&#8217;une exp\u00e9rience relaxante ou un connaisseur \u00e0 la recherche de saveurs et d&#8217;ar\u00f4mes uniques, nous avons tout ce dont vous avez besoin pour satisfaire vos exigences en mati\u00e8re de <strong>fleurs<\/strong> ou de <strong>r\u00e9sine de CBD<\/strong> \u00e0 travers des produits d\u2019exceptions b\u00e9n\u00e9ficiant d&#8217;une <strong>qualit\u00e9<\/strong> rare sur le march\u00e9.<\/p>\n\n\n\n<div class=\"wp-block-group is-layout-flow wp-block-group-is-layout-flow\"><div class=\"wp-block-group__inner-container\">\n<div style=\"height:25px\" aria-hidden=\"true\" class=\"wp-block-spacer\"><\/div>\n<\/div><\/div>\n<\/div><\/div>\n\n\n\n<div style=\"height:55px\" aria-hidden=\"true\" class=\"wp-block-spacer\"><\/div>\n\n\n\n<p class=\"has-text-align-center\">Nos marques<\/p>\n\n\n\n<div class=\"wp-block-columns is-layout-flex wp-container-core-columns-layout-3 wp-block-columns-is-layout-flex\">\n<div class=\"wp-block-column is-layout-flow wp-block-column-is-layout-flow\">\n<p class=\"has-text-align-center\"><strong><a href=\"https:\/\/42cbd.com\/index.php\/le-cbd-budah-bud\/\" title=\"\">Budah Bud<\/a><\/strong><\/p>\n\n\n<div class=\"wp-block-image\">\n<figure class=\"aligncenter size-large is-resized\"><a href=\"https:\/\/42cbd.com\/index.php\/le-cbd-budah-bud\/\"><img loading=\"lazy\" decoding=\"async\" width=\"1024\" height=\"1024\" src=\"https:\/\/42cbd.com\/wp-content\/uploads\/2024\/04\/logo-budah-bud-1024x1024.png\" alt=\"\" class=\"wp-image-278\" style=\"width:150px\" srcset=\"https:\/\/42cbd.com\/wp-content\/uploads\/2024\/04\/logo-budah-bud-1024x1024.png 1024w, https:\/\/42cbd.com\/wp-content\/uploads\/2024\/04\/logo-budah-bud-300x300.png 300w, https:\/\/42cbd.com\/wp-content\/uploads\/2024\/04\/logo-budah-bud-150x150.png 150w, https:\/\/42cbd.com\/wp-content\/uploads\/2024\/04\/logo-budah-bud-768x768.png 768w, https:\/\/42cbd.com\/wp-content\/uploads\/2024\/04\/logo-budah-bud-600x600.png 600w, https:\/\/42cbd.com\/wp-content\/uploads\/2024\/04\/logo-budah-bud-100x100.png 100w, https:\/\/42cbd.com\/wp-content\/uploads\/2024\/04\/logo-budah-bud.png 1200w\" sizes=\"(max-width: 1024px) 100vw, 1024px\" \/><\/a><\/figure><\/div>\n\n\n<h4 class=\"wp-block-heading has-text-align-center\">CBD relaxant (naturel)<\/h4>\n<\/div>\n\n\n\n<div class=\"wp-block-column is-layout-flow wp-block-column-is-layout-flow\">\n<p class=\"has-text-align-center\"><strong><a href=\"https:\/\/42cbd.com\/index.php\/le-cbd-high-budi\/\" title=\"Le CBD High Budi\">High Budi<\/a><\/strong><\/p>\n\n\n<div class=\"wp-block-image\">\n<figure class=\"aligncenter size-large is-resized\"><a href=\"https:\/\/42cbd.com\/index.php\/le-cbd-high-budi\/\"><img loading=\"lazy\" decoding=\"async\" width=\"1024\" height=\"1024\" src=\"https:\/\/42cbd.com\/wp-content\/uploads\/2023\/10\/cbd-high-budi-logo-1024x1024.png\" alt=\"\" class=\"wp-image-38\" style=\"width:150px\" srcset=\"https:\/\/42cbd.com\/wp-content\/uploads\/2023\/10\/cbd-high-budi-logo-1024x1024.png 1024w, https:\/\/42cbd.com\/wp-content\/uploads\/2023\/10\/cbd-high-budi-logo-300x300.png 300w, https:\/\/42cbd.com\/wp-content\/uploads\/2023\/10\/cbd-high-budi-logo-150x150.png 150w, https:\/\/42cbd.com\/wp-content\/uploads\/2023\/10\/cbd-high-budi-logo-768x768.png 768w, https:\/\/42cbd.com\/wp-content\/uploads\/2023\/10\/cbd-high-budi-logo-600x600.png 600w, https:\/\/42cbd.com\/wp-content\/uploads\/2023\/10\/cbd-high-budi-logo-100x100.png 100w, https:\/\/42cbd.com\/wp-content\/uploads\/2023\/10\/cbd-high-budi-logo.png 1200w\" sizes=\"(max-width: 1024px) 100vw, 1024px\" \/><\/a><\/figure><\/div>\n\n\n<h4 class=\"wp-block-heading has-text-align-center\">CBD stimulant (<em>n\u00e9o<\/em>&#8211;<em>cannabino\u00efdes<\/em>)<\/h4>\n<\/div>\n\n\n\n<div class=\"wp-block-column is-layout-flow wp-block-column-is-layout-flow\">\n<p class=\"has-text-align-center\"><strong><a href=\"https:\/\/42cbd.com\/index.php\/huiles-de-chanvre-biologique-helyxia\/\" title=\"\">Helyxia<\/a><\/strong><\/p>\n\n\n<div class=\"wp-block-image\">\n<figure class=\"aligncenter size-full is-resized\"><a href=\"https:\/\/42cbd.com\/index.php\/huiles-de-chanvre-biologique-helyxia\/\"><img loading=\"lazy\" decoding=\"async\" width=\"750\" height=\"750\" src=\"https:\/\/42cbd.com\/wp-content\/uploads\/2024\/04\/huile-chanvre-bio-cbd-helyxia-bien-etre.png\" alt=\"\" class=\"wp-image-467\" style=\"width:150px\" srcset=\"https:\/\/42cbd.com\/wp-content\/uploads\/2024\/04\/huile-chanvre-bio-cbd-helyxia-bien-etre.png 750w, https:\/\/42cbd.com\/wp-content\/uploads\/2024\/04\/huile-chanvre-bio-cbd-helyxia-bien-etre-300x300.png 300w, https:\/\/42cbd.com\/wp-content\/uploads\/2024\/04\/huile-chanvre-bio-cbd-helyxia-bien-etre-150x150.png 150w, https:\/\/42cbd.com\/wp-content\/uploads\/2024\/04\/huile-chanvre-bio-cbd-helyxia-bien-etre-600x600.png 600w, https:\/\/42cbd.com\/wp-content\/uploads\/2024\/04\/huile-chanvre-bio-cbd-helyxia-bien-etre-100x100.png 100w\" sizes=\"(max-width: 750px) 100vw, 750px\" \/><\/a><\/figure><\/div>\n\n\n<h4 class=\"wp-block-heading has-text-align-center\">Huile de CBD<\/h4>\n<\/div>\n<\/div>\n\n\n\n<div style=\"height:25px\" aria-hidden=\"true\" class=\"wp-block-spacer\"><\/div>\n\n\n\n<div class=\"wp-block-cover alignfull\"><span aria-hidden=\"true\" class=\"wp-block-cover__background has-background-dim\"><\/span><img loading=\"lazy\" decoding=\"async\" width=\"1917\" height=\"942\" class=\"wp-block-cover__image-background wp-image-68\" alt=\"\" src=\"https:\/\/42cbd.com\/wp-content\/uploads\/2023\/10\/livraison-cbd-france.jpg\" data-object-fit=\"cover\" srcset=\"https:\/\/42cbd.com\/wp-content\/uploads\/2023\/10\/livraison-cbd-france.jpg 1917w, https:\/\/42cbd.com\/wp-content\/uploads\/2023\/10\/livraison-cbd-france-300x147.jpg 300w, https:\/\/42cbd.com\/wp-content\/uploads\/2023\/10\/livraison-cbd-france-1024x503.jpg 1024w, https:\/\/42cbd.com\/wp-content\/uploads\/2023\/10\/livraison-cbd-france-768x377.jpg 768w, https:\/\/42cbd.com\/wp-content\/uploads\/2023\/10\/livraison-cbd-france-1536x755.jpg 1536w, https:\/\/42cbd.com\/wp-content\/uploads\/2023\/10\/livraison-cbd-france-600x295.jpg 600w\" sizes=\"(max-width: 1917px) 100vw, 1917px\" \/><div class=\"wp-block-cover__inner-container is-layout-constrained wp-block-cover-is-layout-constrained\">\n<h4 class=\"wp-block-heading has-text-align-center has-white-color has-text-color has-large-font-size\">Livraison de CBD partout en France<\/h4>\n\n\n\n<div style=\"height:30px\" aria-hidden=\"true\" class=\"wp-block-spacer\"><\/div>\n\n\n\n<div class=\"wp-block-columns is-layout-flex wp-container-core-columns-layout-4 wp-block-columns-is-layout-flex\">\n<div class=\"wp-block-column is-layout-flow wp-block-column-is-layout-flow\">\n<p class=\"has-text-align-center has-white-color has-text-color has-medium-font-size\"><strong>Paris<\/strong><\/p>\n<\/div>\n\n\n\n<div class=\"wp-block-column is-layout-flow wp-block-column-is-layout-flow\">\n<p class=\"has-text-align-center has-white-color has-text-color has-medium-font-size\"><strong>Lyon<\/strong><\/p>\n<\/div>\n\n\n\n<div class=\"wp-block-column is-layout-flow wp-block-column-is-layout-flow\">\n<p class=\"has-text-align-center has-white-color has-text-color has-medium-font-size\"><strong>Toulouse<\/strong><\/p>\n<\/div>\n<\/div>\n\n\n\n<div class=\"wp-block-columns is-layout-flex wp-container-core-columns-layout-5 wp-block-columns-is-layout-flex\">\n<div class=\"wp-block-column is-layout-flow wp-block-column-is-layout-flow\">\n<p class=\"has-text-align-center has-white-color has-text-color has-medium-font-size\"><strong>Rouen<\/strong><\/p>\n<\/div>\n\n\n\n<div class=\"wp-block-column is-layout-flow wp-block-column-is-layout-flow\">\n<p class=\"has-text-align-center has-white-color has-text-color has-medium-font-size\"><strong>Bordeaux<\/strong><\/p>\n<\/div>\n\n\n\n<div class=\"wp-block-column is-layout-flow wp-block-column-is-layout-flow\">\n<p class=\"has-text-align-center has-white-color has-text-color has-medium-font-size\"><strong>Mulhouse<\/strong><\/p>\n<\/div>\n<\/div>\n\n\n\n<div style=\"height:30px\" aria-hidden=\"true\" class=\"wp-block-spacer\"><\/div>\n\n\n\n<div class=\"wp-block-buttons is-content-justification-center is-layout-flex wp-container-core-buttons-layout-1 wp-block-buttons-is-layout-flex\">\n<div class=\"wp-block-button\"><a class=\"wp-block-button__link has-text-color has-background has-text-align-center wp-element-button\" href=\"https:\/\/42cbd.com\/index.php\/livraison-de-cbd-h4cbd-de-qualite-superieure-a-domicile\/\" style=\"color:#276900;background-color:#8bf27c\">Me faire livrer du CBD \u00e0 domicile<\/a><\/div>\n<\/div>\n\n\n\n<div style=\"height:20px\" aria-hidden=\"true\" class=\"wp-block-spacer\"><\/div>\n<\/div><\/div>\n\n\n\n<div style=\"height:45px\" aria-hidden=\"true\" class=\"wp-block-spacer\"><\/div>\n\n\n\n<div class=\"wp-block-columns is-layout-flex wp-container-core-columns-layout-6 wp-block-columns-is-layout-flex\">\n<div class=\"wp-block-column is-layout-flow wp-block-column-is-layout-flow\">\n<figure class=\"wp-block-image size-large\"><img loading=\"lazy\" decoding=\"async\" width=\"1024\" height=\"596\" src=\"https:\/\/42cbd.com\/wp-content\/uploads\/2024\/03\/cbd-indoor-premium-thcp-thcpo-high-budi-1024x596.jpg\" alt=\"\" class=\"wp-image-271\" srcset=\"https:\/\/42cbd.com\/wp-content\/uploads\/2024\/03\/cbd-indoor-premium-thcp-thcpo-high-budi-1024x596.jpg 1024w, https:\/\/42cbd.com\/wp-content\/uploads\/2024\/03\/cbd-indoor-premium-thcp-thcpo-high-budi-300x175.jpg 300w, https:\/\/42cbd.com\/wp-content\/uploads\/2024\/03\/cbd-indoor-premium-thcp-thcpo-high-budi-768x447.jpg 768w, https:\/\/42cbd.com\/wp-content\/uploads\/2024\/03\/cbd-indoor-premium-thcp-thcpo-high-budi-1200x700.jpg 1200w, https:\/\/42cbd.com\/wp-content\/uploads\/2024\/03\/cbd-indoor-premium-thcp-thcpo-high-budi-600x349.jpg 600w, https:\/\/42cbd.com\/wp-content\/uploads\/2024\/03\/cbd-indoor-premium-thcp-thcpo-high-budi.jpg 1320w\" sizes=\"(max-width: 1024px) 100vw, 1024px\" \/><\/figure>\n<\/div>\n\n\n\n<div class=\"wp-block-column is-layout-flow wp-block-column-is-layout-flow\">\n<figure class=\"wp-block-image size-large\"><img loading=\"lazy\" decoding=\"async\" width=\"1024\" height=\"596\" src=\"https:\/\/42cbd.com\/wp-content\/uploads\/2024\/03\/cbd-naturel-premium-suisse-indoor-budah-bud-livraison-1024x596.jpg\" alt=\"\" class=\"wp-image-272\" srcset=\"https:\/\/42cbd.com\/wp-content\/uploads\/2024\/03\/cbd-naturel-premium-suisse-indoor-budah-bud-livraison-1024x596.jpg 1024w, https:\/\/42cbd.com\/wp-content\/uploads\/2024\/03\/cbd-naturel-premium-suisse-indoor-budah-bud-livraison-300x175.jpg 300w, https:\/\/42cbd.com\/wp-content\/uploads\/2024\/03\/cbd-naturel-premium-suisse-indoor-budah-bud-livraison-768x447.jpg 768w, https:\/\/42cbd.com\/wp-content\/uploads\/2024\/03\/cbd-naturel-premium-suisse-indoor-budah-bud-livraison-1200x700.jpg 1200w, https:\/\/42cbd.com\/wp-content\/uploads\/2024\/03\/cbd-naturel-premium-suisse-indoor-budah-bud-livraison-600x349.jpg 600w, https:\/\/42cbd.com\/wp-content\/uploads\/2024\/03\/cbd-naturel-premium-suisse-indoor-budah-bud-livraison.jpg 1320w\" sizes=\"(max-width: 1024px) 100vw, 1024px\" \/><\/figure>\n<\/div>\n<\/div>\n\n\n\n<div style=\"height:35px\" aria-hidden=\"true\" class=\"wp-block-spacer\"><\/div>\n\n\n\n<div class=\"wp-block-cover alignfull wp-duotone-unset-2\" style=\"margin-top:0;padding-top:4vw;padding-right:4vw;padding-bottom:4vw;padding-left:4vw;min-height:50vh\"><span aria-hidden=\"true\" class=\"wp-block-cover__background has-background-dim\" style=\"background-color:#010200\"><\/span><img loading=\"lazy\" decoding=\"async\" width=\"1492\" height=\"794\" class=\"wp-block-cover__image-background wp-image-93\" alt=\"\" src=\"http:\/\/42cbd.com\/wp-content\/uploads\/2023\/10\/cbd-cultive-en-indoor.jpg\" data-object-fit=\"cover\" srcset=\"https:\/\/42cbd.com\/wp-content\/uploads\/2023\/10\/cbd-cultive-en-indoor.jpg 1492w, https:\/\/42cbd.com\/wp-content\/uploads\/2023\/10\/cbd-cultive-en-indoor-300x160.jpg 300w, https:\/\/42cbd.com\/wp-content\/uploads\/2023\/10\/cbd-cultive-en-indoor-1024x545.jpg 1024w, https:\/\/42cbd.com\/wp-content\/uploads\/2023\/10\/cbd-cultive-en-indoor-768x409.jpg 768w, https:\/\/42cbd.com\/wp-content\/uploads\/2023\/10\/cbd-cultive-en-indoor-600x319.jpg 600w\" sizes=\"(max-width: 1492px) 100vw, 1492px\" \/><div class=\"wp-block-cover__inner-container is-layout-flow wp-block-cover-is-layout-flow\">\n<h3 class=\"wp-block-heading has-text-align-center has-background has-large-font-size\" style=\"background-color:#072e009c\"><a href=\"https:\/\/42cbd.com\/index.php\/cbd-cultive-en-indoor-pour-une-qualite-optimale\/\" title=\"\">CBD cultiv\u00e9 en indoor<\/a><\/h3>\n\n\n\n<p class=\"has-white-color has-text-color\">La culture en <strong>indoor<\/strong> offre grande flexibilit\u00e9 en termes de choix de vari\u00e9t\u00e9s de <strong>CBD<\/strong>. \u00c9tant donn\u00e9 que les conditions environnementales sont enti\u00e8rement contr\u00f4l\u00e9es, les cultivateurs peuvent exp\u00e9rimenter avec une large gamme de souches de plantes, en choisissant celles qui correspondent le mieux \u00e0 leurs objectifs de production et de qualit\u00e9. Ils peuvent optimiser les param\u00e8tres de croissance pour chaque vari\u00e9t\u00e9 sp\u00e9cifique et ainsi obtenir des profils de cannabino\u00efdes et de terp\u00e8nes plus pr\u00e9cis. Ainsi les producteurs sont en mesure de fournir des produits exceptionnels qui r\u00e9pondent aux besoins et aux attentes des consommateurs exigeants.<\/p>\n\n\n\n<div class=\"wp-block-group is-layout-flow wp-block-group-is-layout-flow\"><div class=\"wp-block-group__inner-container\">\n<div style=\"height:25px\" aria-hidden=\"true\" class=\"wp-block-spacer\"><\/div>\n<\/div><\/div>\n<\/div><\/div>\n","protected":false},"excerpt":{"rendered":"<p>Fleurs de CBD Choisissez parmi plusieurs vari\u00e9t\u00e9s de fleurs de CBD de qualit\u00e9 sup\u00e9rieur en pochon ou en pr\u00e9-roul\u00e9: Amnesia Haze, Jack Herer, Strawberry, Skittles&#8230;. R\u00e9sine de CBD R\u00e9sines de CBD Suisse de qualit\u00e9 \u00e0 d\u00e9couvrir tel que le Charas , le 3x filtr\u00e9, le Supr\u00eame, le Safra, le libanais et le Jaune mousseux. Huiles [&hellip;]<\/p>\n","protected":false},"author":1,"featured_media":0,"parent":0,"menu_order":0,"comment_status":"closed","ping_status":"closed","template":"","meta":{"ocean_post_layout":"","ocean_both_sidebars_style":"","ocean_both_sidebars_content_width":0,"ocean_both_sidebars_sidebars_width":0,"ocean_sidebar":"","ocean_second_sidebar":"","ocean_disable_margins":"enable","ocean_add_body_class":"","ocean_shortcode_before_top_bar":"","ocean_shortcode_after_top_bar":"","ocean_shortcode_before_header":"","ocean_shortcode_after_header":"","ocean_has_shortcode":"","ocean_shortcode_after_title":"","ocean_shortcode_before_footer_widgets":"","ocean_shortcode_after_footer_widgets":"","ocean_shortcode_before_footer_bottom":"","ocean_shortcode_after_footer_bottom":"","ocean_display_top_bar":"default","ocean_display_header":"default","ocean_header_style":"","ocean_center_header_left_menu":"","ocean_custom_header_template":"","ocean_custom_logo":0,"ocean_custom_retina_logo":0,"ocean_custom_logo_max_width":0,"ocean_custom_logo_tablet_max_width":0,"ocean_custom_logo_mobile_max_width":0,"ocean_custom_logo_max_height":0,"ocean_custom_logo_tablet_max_height":0,"ocean_custom_logo_mobile_max_height":0,"ocean_header_custom_menu":"","ocean_menu_typo_font_family":"","ocean_menu_typo_font_subset":"","ocean_menu_typo_font_size":0,"ocean_menu_typo_font_size_tablet":0,"ocean_menu_typo_font_size_mobile":0,"ocean_menu_typo_font_size_unit":"px","ocean_menu_typo_font_weight":"","ocean_menu_typo_font_weight_tablet":"","ocean_menu_typo_font_weight_mobile":"","ocean_menu_typo_transform":"","ocean_menu_typo_transform_tablet":"","ocean_menu_typo_transform_mobile":"","ocean_menu_typo_line_height":0,"ocean_menu_typo_line_height_tablet":0,"ocean_menu_typo_line_height_mobile":0,"ocean_menu_typo_line_height_unit":"","ocean_menu_typo_spacing":0,"ocean_menu_typo_spacing_tablet":0,"ocean_menu_typo_spacing_mobile":0,"ocean_menu_typo_spacing_unit":"","ocean_menu_link_color":"","ocean_menu_link_color_hover":"","ocean_menu_link_color_active":"","ocean_menu_link_background":"","ocean_menu_link_hover_background":"","ocean_menu_link_active_background":"","ocean_menu_social_links_bg":"","ocean_menu_social_hover_links_bg":"","ocean_menu_social_links_color":"","ocean_menu_social_hover_links_color":"","ocean_disable_title":"default","ocean_disable_heading":"default","ocean_post_title":"","ocean_post_subheading":"","ocean_post_title_style":"","ocean_post_title_background_color":"","ocean_post_title_background":0,"ocean_post_title_bg_image_position":"","ocean_post_title_bg_image_attachment":"","ocean_post_title_bg_image_repeat":"","ocean_post_title_bg_image_size":"","ocean_post_title_height":0,"ocean_post_title_bg_overlay":0.5,"ocean_post_title_bg_overlay_color":"","ocean_disable_breadcrumbs":"default","ocean_breadcrumbs_color":"","ocean_breadcrumbs_separator_color":"","ocean_breadcrumbs_links_color":"","ocean_breadcrumbs_links_hover_color":"","ocean_display_footer_widgets":"default","ocean_display_footer_bottom":"default","ocean_custom_footer_template":"","footnotes":""},"aioseo_notices":[],"jetpack_sharing_enabled":true,"_links":{"self":[{"href":"https:\/\/42cbd.com\/index.php\/wp-json\/wp\/v2\/pages\/2"}],"collection":[{"href":"https:\/\/42cbd.com\/index.php\/wp-json\/wp\/v2\/pages"}],"about":[{"href":"https:\/\/42cbd.com\/index.php\/wp-json\/wp\/v2\/types\/page"}],"author":[{"embeddable":true,"href":"https:\/\/42cbd.com\/index.php\/wp-json\/wp\/v2\/users\/1"}],"replies":[{"embeddable":true,"href":"https:\/\/42cbd.com\/index.php\/wp-json\/wp\/v2\/comments?post=2"}],"version-history":[{"count":60,"href":"https:\/\/42cbd.com\/index.php\/wp-json\/wp\/v2\/pages\/2\/revisions"}],"predecessor-version":[{"id":929,"href":"https:\/\/42cbd.com\/index.php\/wp-json\/wp\/v2\/pages\/2\/revisions\/929"}],"wp:attachment":[{"href":"https:\/\/42cbd.com\/index.php\/wp-json\/wp\/v2\/media?parent=2"}],"curies":[{"name":"wp","href":"https:\/\/api.w.org\/{rel}","templated":true}]}}